{"id":6500,"date":"2022-05-29T08:42:34","date_gmt":"2022-05-29T08:42:34","guid":{"rendered":"https:\/\/degritter.com\/product\/degritter-mark-ii\/"},"modified":"2025-04-11T13:41:55","modified_gmt":"2025-04-11T13:41:55","slug":"degritter-mark-ii","status":"publish","type":"product","link":"https:\/\/degritter.com\/it\/prodotto\/degritter-mark-ii\/","title":{"rendered":"Degritter Mark II"},"content":{"rendered":"<h2>Sistema di pulizia a ultrasuoni<\/h2>\n<h3>Struttura a 4 transduttori<\/h3>\n<p>Il serbatoio per la pulizia a ultrasuoni che si trova in Degritter \u00e8 stato appositamente realizzato per dischi in vinile. Il serbatoio \u00e8 dotato di due trasduttori a ultrasuoni su entrambi i lati che emettono vibrazioni a ultrasuoni a 120 kHz, distribuendo uniformemente l\u2019energia pulente sulla superficie del disco.<\/p>\n<h3>Power Drive 2.0<\/h3>\n<p><strong>Modalit\u00e0 a impulsi<\/strong><\/p>\n<p>La pulizia in modalit\u00e0 a impulsi \u00e8 una funzione offerta dal generatore di ultrasuoni Power Drive 2.0. Durante la pulsazione, i trasduttori a ultrasuoni si accendono e spengono in rapida successione ad alta potenza. Ci\u00f2 aumenta la cavitazione nell\u2019acqua, ma mantiene basso il consumo medio di energia.<\/p>\n<p><strong>Oscillazione della frequenza<\/strong><\/p>\n<p>La frequenza di risonanza del generatore di ultrasuoni Power Drive oscilla tra 120-125 kHz. Ci\u00f2 rende uniforme la distribuzione dell\u2019energia di cavitazione nell\u2019acqua, riducendo al minimo le perdite e fornendo un\u2019azione pulente uniforme<\/p>\n<p><strong>300 Watts<\/strong><\/p>\n<p>La potenza media di tutti i programmi di lavaggio \u00e8 di 300 W. Ci\u00f2 rende Degritter la pi\u00f9 potente lavadischi a ultrasuoni sul mercato per litro di acqua. La frequenza di risonanza pi\u00f9 alta di 120 kHz garantisce la protezione dei disc<\/p>\n<h2>Funzioni intelligent<\/h2>\n<h3>Filtraggio attivo<\/h3>\n<p>In fase di lavaggio l\u2019acqua per la pulizia viene pompata attraverso un filtro sostituibile. Il filtraggio continuo impedisce allo sporco di depositarsi nuovamente sul disco.<\/p>\n<h3>Controllo della temperatura di sicurezza per il disco<\/h3>\n<p>Degritter monitora la temperatura dell\u2019acqua e ne impedisce l\u2019aumento a livelli dannosi per i dischi in vinile. Le temperature elevate sono contenute da cicli di raffreddamento automatici.<\/p>\n<h3>Asciugatura intelligente<\/h3>\n<p>I dischi vengono asciugati da un flusso di aria filtrata. \u00c8 possibile regolare sia il tempo di asciugatura che la velocit\u00e0 della ventola al fine di mantenere sotto controllo i livelli di rumorosit\u00e0 e di evitare l\u2019accumulo di elettricit\u00e0 statica.<\/p>\n<h3>Opzione risciacquo post-lavaggio<\/h3>\n<p>Degritter effettua il risciacquo dei dischi durante i cicli di lavaggio con l\u2019ausilio di un serbatoio di acqua separato.<\/p>\n<h2>Progettato per te<\/h2>\n<h3>Estremamente automatico<\/h3>\n<p>Il serbatoio per la pulizia a ultrasuoni che si trova in Degritter \u00e8 stato appositamente realizzato per dischi in vinile. Il serbatoio \u00e8 dotato di due trasduttori a ultrasuoni su entrambi i lati che emettono vibrazioni a ultrasuoni a 120 kHz, distribuendo uniformemente l\u2019energia pulente sulla superficie del disco.<\/p>\n<h3>Gestione dell&#8217;acqua semplificata<\/h3>\n<p>La macchina \u00e8 dotata di un comodo serbatoio estraibile per la sostituzione dell\u2019acqua di pulizia.<\/p>\n<h3>Pulsanti touch perfetti<\/h3>\n<p>Abbiamo perfezionato la sensibilit\u00e0 e la funzione dei pulsanti della macchina. Le manopole e i pulsanti offrono una sensazione unica di cui non potrete pi\u00f9 fare a meno.<\/p>\n","protected":false},"excerpt":{"rendered":"<p class=\"wp-el\">La macchina Degritter MARK II offre una pulizia a ultrasuoni all\u2019avanguardia e funzionalit\u00e0 intelligenti per un utilizzo pi\u00f9 efficiente.<\/p>\n<p class=\"wp-el\"><strong>Nuove funzioni:<br \/>\n<\/strong><strong>Ultrasonic Power Drive 2.0 <\/strong>\u2013 pi\u00f9 potente, ma sicuro per il disco<\/p>\n<p class=\"wp-el\"><strong>Pulizia in modalit\u00e0 a impulsi<\/strong> \u2013 migliore effetto pulente, basso consumo energetico<\/p>\n<p class=\"wp-el\"><strong>Design esterno armonioso<\/strong> \u2013 in linea con i nostri elevati standard di design<\/p>\n","protected":false},"featured_media":7090,"template":"","meta":{"_acf_changed":false,"inline_featured_image":false},"product_brand":[],"product_cat":[1549],"product_tag":[],"class_list":{"0":"post-6500","1":"product","2":"type-product","3":"status-publish","4":"has-post-thumbnail","6":"product_cat-machines-it","7":"product_shipping_class-degritter-rcm-it","9":"first","10":"onbackorder","11":"shipping-taxable","12":"purchasable","13":"product-type-variable","14":"has-default-attributes"},"acf":[],"_links":{"self":[{"href":"https:\/\/degritter.com\/it\/wp-json\/wp\/v2\/product\/6500","targetHints":{"allow":["GET"]}}],"collection":[{"href":"https:\/\/degritter.com\/it\/wp-json\/wp\/v2\/product"}],"about":[{"href":"https:\/\/degritter.com\/it\/wp-json\/wp\/v2\/types\/product"}],"wp:featuredmedia":[{"embeddable":true,"href":"https:\/\/degritter.com\/it\/wp-json\/wp\/v2\/media\/7090"}],"wp:attachment":[{"href":"https:\/\/degritter.com\/it\/wp-json\/wp\/v2\/media?parent=6500"}],"wp:term":[{"taxonomy":"product_brand","embeddable":true,"href":"https:\/\/degritter.com\/it\/wp-json\/wp\/v2\/product_brand?post=6500"},{"taxonomy":"product_cat","embeddable":true,"href":"https:\/\/degritter.com\/it\/wp-json\/wp\/v2\/product_cat?post=6500"},{"taxonomy":"product_tag","embeddable":true,"href":"https:\/\/degritter.com\/it\/wp-json\/wp\/v2\/product_tag?post=6500"}],"curies":[{"name":"wp","href":"https:\/\/api.w.org\/{rel}","templated":true}]}}