{"id":3286,"date":"2022-09-15T09:27:00","date_gmt":"2022-09-15T09:27:00","guid":{"rendered":"https:\/\/degritter.com\/?page_id=3286"},"modified":"2026-03-14T15:00:21","modified_gmt":"2026-03-14T15:00:21","slug":"azienda","status":"publish","type":"page","link":"https:\/\/degritter.com\/it\/azienda\/","title":{"rendered":"Azienda"},"content":{"rendered":"<div id=\"acf-block_69b5780291d39\" class=\"acf-block-element element-hero alignmax position-relative has-bgframe bg-white\"><div class=\"element-hero__bg position-absolute\"><img loading=\"lazy\" decoding=\"async\" width=\"1148\" height=\"498\" src=\"https:\/\/degritter.com\/wp-content\/uploads\/2022\/11\/IMG_0819-1148x498.jpg\" class=\"attachment-hero-xxl size-hero-xxl\" alt=\"\" srcset=\"https:\/\/degritter.com\/wp-content\/uploads\/2022\/11\/IMG_0819-1148x498.jpg 1148w, https:\/\/degritter.com\/wp-content\/uploads\/2022\/11\/IMG_0819-1148x498@2x.jpg 2296w\" sizes=\"auto, (max-width: 1148px) 100vw, 1148px\" \/><img loading=\"lazy\" decoding=\"async\" width=\"750\" height=\"1340\" src=\"https:\/\/degritter.com\/wp-content\/uploads\/2022\/11\/IMG_0819-750x1340.jpg\" class=\"attachment-hero-product-mobile-xxl size-hero-product-mobile-xxl\" alt=\"\" srcset=\"https:\/\/degritter.com\/wp-content\/uploads\/2022\/11\/IMG_0819-750x1340.jpg 750w, https:\/\/degritter.com\/wp-content\/uploads\/2022\/11\/IMG_0819-750x1340@2x.jpg 1500w\" sizes=\"auto, (max-width: 750px) 100vw, 750px\" \/><\/div><div class=\"element-hero__bg-stencils position-absolute stencil_style2\"><div class=\"el-inner position-absolute\"><svg xmlns=\"http:\/\/www.w3.org\/2000\/svg\" width=\"298.686\" height=\"298.686\" viewBox=\"0 0 298.686 298.686\"><g transform=\"translate(149.343) rotate(45)\" fill=\"none\" stroke=\"#d30926\" stroke-width=\"1\"><rect width=\"211.203\" height=\"211.203\" stroke=\"none\"\/><rect x=\"0.5\" y=\"0.5\" width=\"210.203\" height=\"210.203\" fill=\"none\"\/><\/g><\/svg><svg xmlns=\"http:\/\/www.w3.org\/2000\/svg\" width=\"480\" height=\"480\" viewBox=\"0 0 480 480\"><circle cx=\"239.5\" cy=\"239.5\" r=\"239.5\" transform=\"translate(0.5 0.5)\" fill=\"none\" stroke=\"#d30926\" stroke-miterlimit=\"10\" stroke-width=\"1\"\/><\/svg><\/div><\/div><div class=\"container d-flex flex-wrap align-items-end position-relative\" data-animate=\"T_FADE_UP\"><div class=\"hero-content\">\n\n<h1 class=\"wp-block-heading wp-el\">Prenditi una pausa, vivi l\u2019esperienza<\/h1>\n\n<\/div><\/div><\/div>\n\n\n<h2 class=\"wp-block-heading has-giant-font-size wp-el\"><strong>La lavadischi n. 1 al mondo. Punto.<\/strong><\/h2>\n\n\n<div id=\"acf-block_69b5780291d7d\" class=\"acf-block-element element-custom-columns\"><div class=\"row row-grid\"><div class=\"col-12 col-xl-4 classic-editor\"><p>Degritter \u00e8 il produttore delle migliori macchine lavadischi a ultrasuoni al mondo. I nostri prodotti sono progettati per il soggiorno e usarli \u00e8 un piacere. Funzionalit\u00e0, risultati efficaci e design intuitivo sono sempre stati il nostro marchio di fabbrica.<\/p>\n<\/div><div class=\"col-12 col-xl-4 offset-xl-1 classic-editor\"><p>Dal 2016 dedichiamo un\u2019infinit\u00e0 di ore alla ricerca, allo sviluppo e alla progettazione della macchina lavadischi Degritter.<\/p>\n<\/div><\/div><\/div>\n\n<div id=\"acf-block_69b5780291d93\" class=\"acf-block-element element-txtmedia\"><div class=\"row row-grid align-items-center\"><div class=\"col-12 col-content col-md-6 col-xl-5 offset-xl-1 order-md-1\"><div class=\"col-inner\">\n\n<h2 class=\"wp-block-heading has-giant-font-size wp-el\"><strong>Il tempo \u00e8 prezioso, non sprecarlo a pulire i dischi.<\/strong><\/h2>\n\n\n\n<p class=\"wp-el\">Il nostro obiettivo \u00e8 permettervi di ritagliarvi del tempo per vivere la vostra vita e realizzare i vostri sogni. Degritter \u00e8 una macchina lavadischi che consente di dedicare pi\u00f9 tempo all&#8217;ascolto dei dischi anzich\u00e9 alla loro pulizia. Crediamo che gli sforzi nella vita debbano avere un rapporto di 20 a 80, dove il 20% del lavoro fornisce l&#8217;80% dei risultati e ancora meglio se le attivit\u00e0 noiose possono essere rese automatiche con l&#8217;ausilio di una macchina intelligente.<\/p>\n\n<\/div><\/div><div class=\"col-12 col-media col-md-6 col-xl-6\"><div class=\"splide\" data-splide={\"type\":\"fade\",\"pagination\":false}><div class=\"splide__track\"><ul class=\"splide__list\"><li class=\"splide__slide\"><a href=\"https:\/\/degritter.com\/wp-content\/uploads\/2022\/11\/degritter_3_web-1280x1920.jpg\" data-fancybox=\"txtmedia-acf-block_69b5780291d93\"><img loading=\"lazy\" decoding=\"async\" width=\"490\" height=\"654\" src=\"https:\/\/degritter.com\/wp-content\/uploads\/2022\/11\/degritter_3_web-490x654.jpg\" class=\"attachment-ama-txtmedia-portrait-w size-ama-txtmedia-portrait-w\" alt=\"\" srcset=\"https:\/\/degritter.com\/wp-content\/uploads\/2022\/11\/degritter_3_web-490x654.jpg 490w, https:\/\/degritter.com\/wp-content\/uploads\/2022\/11\/degritter_3_web-405x540.jpg 405w, https:\/\/degritter.com\/wp-content\/uploads\/2022\/11\/degritter_3_web-320x426.jpg 320w, https:\/\/degritter.com\/wp-content\/uploads\/2022\/11\/degritter_3_web-490x654@2x.jpg 980w, https:\/\/degritter.com\/wp-content\/uploads\/2022\/11\/degritter_3_web-405x540@2x.jpg 810w, https:\/\/degritter.com\/wp-content\/uploads\/2022\/11\/degritter_3_web-320x426@2x.jpg 640w\" sizes=\"auto, (max-width: 490px) 100vw, 490px\" \/><\/a><\/li><\/ul><\/div><div class=\"splide__arrows hide-arrows\"><button class=\"splide__arrow splide__arrow--prev\"><svg xmlns=\"http:\/\/www.w3.org\/2000\/svg\" width=\"31.472\" height=\"29.31\" viewBox=\"0 0 31.472 29.31\"><g transform=\"translate(51.472 29.31) rotate(180)\"><path d=\"M453.566,116.268a14.655,14.655,0,0,0-14.655,14.655\" transform=\"translate(-402.094 -101.613)\" fill=\"none\" stroke=\"currentColor\" stroke-miterlimit=\"10\" stroke-width=\"1.5\"\/><path d=\"M438.911,101.613a14.655,14.655,0,0,0,14.655,14.655\" transform=\"translate(-402.094 -101.613)\" fill=\"none\" stroke=\"currentColor\" stroke-miterlimit=\"10\" stroke-width=\"1.5\"\/><path d=\"M51.472,0H20\" transform=\"translate(0 14.655)\" fill=\"none\" stroke=\"currentColor\" stroke-width=\"1.5\"\/><\/g><\/svg><\/button><button class=\"splide__arrow splide__arrow--next\"><svg xmlns=\"http:\/\/www.w3.org\/2000\/svg\" width=\"31.472\" height=\"29.31\" viewBox=\"0 0 31.472 29.31\"><g transform=\"translate(-20)\"><path d=\"M453.566,116.268a14.655,14.655,0,0,0-14.655,14.655\" transform=\"translate(-402.094 -101.613)\" fill=\"none\" stroke=\"currentColor\" stroke-miterlimit=\"10\" stroke-width=\"1.5\"\/><path d=\"M438.911,101.613a14.655,14.655,0,0,0,14.655,14.655\" transform=\"translate(-402.094 -101.613)\" fill=\"none\" stroke=\"currentColor\" stroke-miterlimit=\"10\" stroke-width=\"1.5\"\/><path d=\"M51.472,0H20\" transform=\"translate(0 14.655)\" fill=\"none\" stroke=\"currentColor\" stroke-width=\"1.5\"\/><\/g><\/svg><\/button><\/div><\/div><\/div><\/div><\/div>\n\n<div id=\"acf-block_69b5780291da6\" class=\"acf-block-element element-quotes element-center\"><div class=\"quotes-list\"><div class=\"quote-item\"><div class=\"quote-item__content\"><p class=\"fw-bold font-roadradio text-center\">Degritter CEO<\/p><p class=\"fw-semibold has-giant-font-size text-center\">Uku P\u00fcttsepp<\/p><div class=\"classic-editor\"><p>Il mio obiettivo \u00e8 permettervi di ritagliarvi del tempo per vivere la vostra vita e realizzare i vostri sogni! Degritter vi permette di avere pi\u00f9 tempo per ascoltare buona musica invece di pulire i dischi.<\/p>\n<\/div><\/div><div class=\"quote-item__media\"><div class=\"quote-item__media-inner\"><img loading=\"lazy\" decoding=\"async\" width=\"269\" height=\"269\" src=\"https:\/\/degritter.com\/wp-content\/uploads\/2022\/11\/DSC09890-269x269.jpg\" class=\"attachment-ama-269 size-ama-269\" alt=\"\" srcset=\"https:\/\/degritter.com\/wp-content\/uploads\/2022\/11\/DSC09890-269x269.jpg 269w, https:\/\/degritter.com\/wp-content\/uploads\/2022\/11\/DSC09890-269x269@2x.jpg 538w\" sizes=\"auto, (max-width: 269px) 100vw, 269px\" \/><\/div><\/div><\/div><\/div><\/div>\n\n<div id=\"acf-block_69b57802927b3\" class=\"acf-block-element element-txtmedia\"><div class=\"row row-grid align-items-center\"><div class=\"col-12 col-content col-md-6 col-xl-5\"><div class=\"col-inner\">\n\n<h2 class=\"wp-block-heading has-giant-font-size wp-el\"><strong>Standard di altissima qualit\u00e0.<\/strong><\/h2>\n\n\n\n<p class=\"wp-el\">Degritter si distingue sul mercato non solo per l&#8217;applicazione di nuovi design e tecnologie, ma investendo altres\u00ec in una produzione sostenibile e responsabile. Reperiamo il maggior numero possibile di componenti a livello locale, tutte le parti metalliche della macchina Degritter sono state realizzate in Estonia. Anche la parte elettronica \u00e8 realizzata in Estonia. Naturalmente, assembliamo e testiamo le macchine in sede. Mantenendo un ciclo di produzione ridotto, garantiamo il pieno controllo sulla qualit\u00e0 del prodotto finale e siamo in grado di reagire rapidamente ai cambiamenti. La lavadischi Degritter \u00e8 progettata per essere modulare e agevolmente riparabile.<\/p>\n\n<\/div><\/div><div class=\"col-12 col-media col-md-6 col-xl-6 offset-xl-1\"><div class=\"splide\" data-splide={\"type\":\"fade\",\"pagination\":false}><div class=\"splide__track\"><ul class=\"splide__list\"><li class=\"splide__slide\"><a href=\"https:\/\/degritter.com\/wp-content\/uploads\/2026\/03\/DSC00369-1920x1280.jpg\" data-fancybox=\"txtmedia-acf-block_69b57802927b3\"><img loading=\"lazy\" decoding=\"async\" width=\"490\" height=\"654\" src=\"https:\/\/degritter.com\/wp-content\/uploads\/2026\/03\/DSC00369-490x654.jpg\" class=\"attachment-ama-txtmedia-portrait-w size-ama-txtmedia-portrait-w\" alt=\"\" srcset=\"https:\/\/degritter.com\/wp-content\/uploads\/2026\/03\/DSC00369-490x654.jpg 490w, https:\/\/degritter.com\/wp-content\/uploads\/2026\/03\/DSC00369-405x540.jpg 405w, https:\/\/degritter.com\/wp-content\/uploads\/2026\/03\/DSC00369-320x426.jpg 320w, https:\/\/degritter.com\/wp-content\/uploads\/2026\/03\/DSC00369-490x654@2x.jpg 980w, https:\/\/degritter.com\/wp-content\/uploads\/2026\/03\/DSC00369-405x540@2x.jpg 810w, https:\/\/degritter.com\/wp-content\/uploads\/2026\/03\/DSC00369-320x426@2x.jpg 640w\" sizes=\"auto, (max-width: 490px) 100vw, 490px\" \/><\/a><\/li><\/ul><\/div><div class=\"splide__arrows hide-arrows\"><button class=\"splide__arrow splide__arrow--prev\"><svg xmlns=\"http:\/\/www.w3.org\/2000\/svg\" width=\"31.472\" height=\"29.31\" viewBox=\"0 0 31.472 29.31\"><g transform=\"translate(51.472 29.31) rotate(180)\"><path d=\"M453.566,116.268a14.655,14.655,0,0,0-14.655,14.655\" transform=\"translate(-402.094 -101.613)\" fill=\"none\" stroke=\"currentColor\" stroke-miterlimit=\"10\" stroke-width=\"1.5\"\/><path d=\"M438.911,101.613a14.655,14.655,0,0,0,14.655,14.655\" transform=\"translate(-402.094 -101.613)\" fill=\"none\" stroke=\"currentColor\" stroke-miterlimit=\"10\" stroke-width=\"1.5\"\/><path d=\"M51.472,0H20\" transform=\"translate(0 14.655)\" fill=\"none\" stroke=\"currentColor\" stroke-width=\"1.5\"\/><\/g><\/svg><\/button><button class=\"splide__arrow splide__arrow--next\"><svg xmlns=\"http:\/\/www.w3.org\/2000\/svg\" width=\"31.472\" height=\"29.31\" viewBox=\"0 0 31.472 29.31\"><g transform=\"translate(-20)\"><path d=\"M453.566,116.268a14.655,14.655,0,0,0-14.655,14.655\" transform=\"translate(-402.094 -101.613)\" fill=\"none\" stroke=\"currentColor\" stroke-miterlimit=\"10\" stroke-width=\"1.5\"\/><path d=\"M438.911,101.613a14.655,14.655,0,0,0,14.655,14.655\" transform=\"translate(-402.094 -101.613)\" fill=\"none\" stroke=\"currentColor\" stroke-miterlimit=\"10\" stroke-width=\"1.5\"\/><path d=\"M51.472,0H20\" transform=\"translate(0 14.655)\" fill=\"none\" stroke=\"currentColor\" stroke-width=\"1.5\"\/><\/g><\/svg><\/button><\/div><\/div><\/div><\/div><\/div>\n\n\n<h2 class=\"wp-block-heading has-giant-font-size wp-el\"><strong>Team di piccole dimensioni, impatto globale.<\/strong><\/h2>\n\n\n<div id=\"acf-block_69b57802927e1\" class=\"acf-block-element element-custom-columns\"><div class=\"row row-grid\"><div class=\"col-12 col-xl-4 classic-editor\"><p>Attualmente siamo un team di 14 persone, con sede a Tartu, Estonia, Unione europea. La nostra sede si sviluppa su circa 450 metri quadrati, dove abbiamo collocato macchine per clienti di tutto il mondo. Lo spazio dispone di una sala riunioni, una sala dedicata per il controllo della qualit\u00e0 e un&#8217;area R&#038;S.<\/p>\n<\/div><div class=\"col-12 col-xl-4 offset-xl-1 classic-editor\"><p>Ci piacciono le sfide complesse e investiamo nei nostri dipendenti. Abbiamo anche un programma kickstarter interno per la motivazione. Chiss\u00e0, forse proprio cos\u00ec nascer\u00e0 la prossima innovativa funzione Degritter o qualcosa di totalmente nuovo.<\/p>\n<\/div><\/div><\/div>\n\n<div id=\"acf-block_69b57802927f7\" class=\"acf-block-element element-image img-1000x498\"><div class=\"position-relative\"><svg xmlns=\"http:\/\/www.w3.org\/2000\/svg\" width=\"298.686\" height=\"298.686\" viewBox=\"0 0 298.686 298.686\"><g transform=\"translate(93.686 -302.657)\"><g transform=\"translate(55.657 302.657) rotate(45)\" fill=\"none\" stroke=\"#d30926\" stroke-width=\"1\"><rect width=\"211.203\" height=\"211.203\" stroke=\"none\"\/><rect x=\"0.5\" y=\"0.5\" width=\"210.203\" height=\"210.203\" fill=\"none\"\/><\/g><\/g><\/svg><img loading=\"lazy\" decoding=\"async\" width=\"1000\" height=\"498\" src=\"https:\/\/degritter.com\/wp-content\/uploads\/fly-images\/6971\/DSC05828-1000x498-c.jpg\" class=\"attachment-1000x498\" alt=\"DSC05828\" \/><\/div><\/div>","protected":false},"excerpt":{"rendered":"<p>La lavadischi n. 1 al mondo. Punto. Team di piccole dimensioni, impatto globale.<\/p>\n","protected":false},"author":1,"featured_media":6971,"parent":0,"menu_order":20,"comment_status":"closed","ping_status":"closed","template":"","meta":{"_acf_changed":false,"inline_featured_image":false,"footnotes":""},"class_list":["post-3286","page","type-page","status-publish","has-post-thumbnail","hentry"],"acf":[],"_links":{"self":[{"href":"https:\/\/degritter.com\/it\/wp-json\/wp\/v2\/pages\/3286","targetHints":{"allow":["GET"]}}],"collection":[{"href":"https:\/\/degritter.com\/it\/wp-json\/wp\/v2\/pages"}],"about":[{"href":"https:\/\/degritter.com\/it\/wp-json\/wp\/v2\/types\/page"}],"author":[{"embeddable":true,"href":"https:\/\/degritter.com\/it\/wp-json\/wp\/v2\/users\/1"}],"replies":[{"embeddable":true,"href":"https:\/\/degritter.com\/it\/wp-json\/wp\/v2\/comments?post=3286"}],"version-history":[{"count":5,"href":"https:\/\/degritter.com\/it\/wp-json\/wp\/v2\/pages\/3286\/revisions"}],"predecessor-version":[{"id":8049,"href":"https:\/\/degritter.com\/it\/wp-json\/wp\/v2\/pages\/3286\/revisions\/8049"}],"wp:featuredmedia":[{"embeddable":true,"href":"https:\/\/degritter.com\/it\/wp-json\/wp\/v2\/media\/6971"}],"wp:attachment":[{"href":"https:\/\/degritter.com\/it\/wp-json\/wp\/v2\/media?parent=3286"}],"curies":[{"name":"wp","href":"https:\/\/api.w.org\/{rel}","templated":true}]}}