{"id":6561,"date":"2022-05-29T08:42:34","date_gmt":"2022-05-29T08:42:34","guid":{"rendered":"https:\/\/degritter.com\/product\/fluide-de-nettoyage-ii-100ml\/"},"modified":"2022-05-29T08:42:34","modified_gmt":"2022-05-29T08:42:34","slug":"fluide-de-nettoyage-ii-100ml","status":"publish","type":"product","link":"https:\/\/degritter.com\/fr\/produit\/fluide-de-nettoyage-ii-100ml\/","title":{"rendered":"Fluide de nettoyage II 100ml"},"content":{"rendered":"<p>100 ml de fluide de nettoyage pouvant \u00eatre utilis\u00e9 pour am\u00e9liorer l&rsquo;efficacit\u00e9 de la machine \u00e0 nettoyer les disques Degritter.<\/p>\n<p>1 \u00e0 2 ml de fluide peuvent \u00eatre ajout\u00e9s par r\u00e9servoir d&rsquo;eau.<\/p>\n","protected":false},"excerpt":{"rendered":"<p>100 ml de fluide de nettoyage pouvant \u00eatre utilis\u00e9 pour am\u00e9liorer l&rsquo;efficacit\u00e9 de la machine \u00e0 nettoyer les disques Degritter&#8230;.<\/p>\n","protected":false},"featured_media":3041,"template":"","meta":{"_acf_changed":false,"inline_featured_image":false},"product_brand":[],"product_cat":[330],"product_tag":[],"class_list":{"0":"post-6561","1":"product","2":"type-product","3":"status-publish","4":"has-post-thumbnail","6":"product_cat-accessoires","7":"product_shipping_class-filtres-et-fluide","9":"first","10":"instock","11":"shipping-taxable","12":"purchasable","13":"product-type-simple"},"acf":[],"_links":{"self":[{"href":"https:\/\/degritter.com\/fr\/wp-json\/wp\/v2\/product\/6561","targetHints":{"allow":["GET"]}}],"collection":[{"href":"https:\/\/degritter.com\/fr\/wp-json\/wp\/v2\/product"}],"about":[{"href":"https:\/\/degritter.com\/fr\/wp-json\/wp\/v2\/types\/product"}],"wp:featuredmedia":[{"embeddable":true,"href":"https:\/\/degritter.com\/fr\/wp-json\/wp\/v2\/media\/3041"}],"wp:attachment":[{"href":"https:\/\/degritter.com\/fr\/wp-json\/wp\/v2\/media?parent=6561"}],"wp:term":[{"taxonomy":"product_brand","embeddable":true,"href":"https:\/\/degritter.com\/fr\/wp-json\/wp\/v2\/product_brand?post=6561"},{"taxonomy":"product_cat","embeddable":true,"href":"https:\/\/degritter.com\/fr\/wp-json\/wp\/v2\/product_cat?post=6561"},{"taxonomy":"product_tag","embeddable":true,"href":"https:\/\/degritter.com\/fr\/wp-json\/wp\/v2\/product_tag?post=6561"}],"curies":[{"name":"wp","href":"https:\/\/api.w.org\/{rel}","templated":true}]}}