{"id":6543,"date":"2022-05-29T08:42:34","date_gmt":"2022-05-29T08:42:34","guid":{"rendered":"https:\/\/degritter.com\/product\/degritter-mark-ii\/"},"modified":"2025-04-11T13:40:34","modified_gmt":"2025-04-11T13:40:34","slug":"degritter-mark-ii","status":"publish","type":"product","link":"https:\/\/degritter.com\/fr\/produit\/degritter-mark-ii\/","title":{"rendered":"Degritter Mark II"},"content":{"rendered":"<h2>Architecture du nettoyage par ultrasons<\/h2>\n<h3>DISPOSITION DES 4 TRANSDUCTEURS<\/h3>\n<p>La Degritter est enti\u00e8rement automatique et ne n\u00e9cessite aucun effort suppl\u00e9mentaire apr\u00e8s le d\u00e9but du cycle de nettoyage. Utilisez le temps lib\u00e9r\u00e9 pour \u00e9couter des disques au lieu de les nettoyer. <\/p>\n<h3>Power Drive 2.0<\/h3>\n<p><strong>Mode puls\u00e9<\/strong><\/p>\n<p>Le nettoyage en mode puls\u00e9 est une fonctionnalit\u00e9 offerte par le g\u00e9n\u00e9rateur d\u2019ultrasons Power Drive\u2122 2.0. Pendant les pulsations, les transducteurs \u00e0 ultrasons s\u2019allument et s\u2019\u00e9teignent rapidement \u00e0 haute puissance. Cela permet d\u2019augmenter la cavitation dans l\u2019eau, tout en maintenant une faible consommation \u00e9lectrique moyenne.  <\/p>\n<p><strong>Balayage de fr\u00e9quence<\/strong><\/p>\n<p>La fr\u00e9quence de fonctionnement du g\u00e9n\u00e9rateur d\u2019ultrasons Power Drive\u2122 oscille entre 120 et 125 kHz. Cela permet d\u2019uniformiser la distribution de l\u2019\u00e9nergie de cavitation dans l\u2019eau, de minimiser les pertes et d\u2019obtenir une action de nettoyage uniforme. <\/p>\n<p><strong>300 Watts<\/strong><\/p>\n<p>La puissance moyenne de tous les programmes de lavage est de 300 W. Cela fait de la Degritter le nettoyeur de disques \u00e0 ultrasons le plus puissant du march\u00e9 par litre d\u2019eau. La fr\u00e9quence de fonctionnement sup\u00e9rieure de 120 kHz pr\u00e9serve vos disques. <\/p>\n<h2>FONCTIONS INTELLIGENTES<\/h2>\n<h3>FILRAGE ACTIF<\/h3>\n<p>L\u2019eau de nettoyage est pomp\u00e9e \u00e0 travers un filtre rempla\u00e7able pendant le lavage. La filtration continue emp\u00eache la salet\u00e9 \u00e9limin\u00e9e de se retrouver sur le disque. <\/p>\n<h3>CONTR\u00d4LE S\u00dbR DE LA TEMP\u00c9RATURE DES DISQUES<\/h3>\n<p>La Degritter surveille la temp\u00e9rature de l\u2019eau et l\u2019emp\u00eache de monter \u00e0 des niveaux nuisibles pour les disques vinyle. Les temp\u00e9ratures \u00e9lev\u00e9es sont g\u00e9r\u00e9es par des cycles de refroidissement automatiques. <\/p>\n<h3>S\u00c9CHAGE INTELLIGENT<\/h3>\n<p>Les disques sont s\u00e9ch\u00e9s par un flux d\u2019air filtr\u00e9. Le temps de s\u00e9chage et la vitesse du ventilateur peuvent \u00eatre r\u00e9gl\u00e9s pour limiter le niveau sonore et \u00e9viter l\u2019accumulation d\u2019\u00e9lectricit\u00e9 statique. <\/p>\n<h3>OPTION DE RIN\u00c7AGE APR\u00c8S LAVAGE<\/h3>\n<p>La machine Degritter prend en charge le rin\u00e7age des disques pendant les cycles de lavage \u00e0 l\u2019aide d\u2019un r\u00e9servoir d\u2019eau s\u00e9par\u00e9.<\/p>\n<h2>Con\u00e7ue pour vous<\/h2>\n<h3>DISTINCTEMENT AUTOMATIQUE<\/h3>\n<p>La Degritter est enti\u00e8rement automatique et ne n\u00e9cessite aucun effort suppl\u00e9mentaire apr\u00e8s le d\u00e9but du cycle de nettoyage. Utilisez le temps lib\u00e9r\u00e9 pour \u00e9couter des disques au lieu de les nettoyer. <\/p>\n<h3>GESTION SIMPLE DE L\u2019EAU<\/h3>\n<p>La machine est \u00e9quip\u00e9e d\u2019un r\u00e9servoir d\u2019eau amovible pratique pour remplacer l\u2019eau de nettoyage.<\/p>\n<h3>BOUTONS TACTILES OPTIMIS\u00c9S<\/h3>\n<p>Nous avons optimis\u00e9 la sensation et la fonction des boutons de la machine. Les rotations et les pressions procurent une sensation des plus satisfaisantes dont vous ne pourrez plus vous lasser. <\/p>\n","protected":false},"excerpt":{"rendered":"<p class=\"wp-el\">La Degritter MARK II offre un nettoyage ultrasonique sophistiqu\u00e9 et des fonctionnalit\u00e9s intelligentes pour une utilisation plus pratique.<\/p>\n<p class=\"wp-el\"><strong>New features:<br \/>\n<\/strong><strong>Ultrasonic Power Drive 2.0 <\/strong>\u2013 plus puissant, mais sans danger pour le disque<\/p>\n<p class=\"wp-el\"><strong>Nettoyage en mode puls\u00e9<\/strong> \u2013 meilleur effet de nettoyage, faible consommation d\u2019\u00e9nergie<\/p>\n<p class=\"wp-el\"><strong>Conception ext\u00e9rieure soign\u00e9e<\/strong>\u2013 en accord avec nos normes de conception \u00e9lev\u00e9es<\/p>\n","protected":false},"featured_media":7088,"template":"","meta":{"_acf_changed":false,"inline_featured_image":false},"product_brand":[],"product_cat":[331],"product_tag":[],"class_list":{"0":"post-6543","1":"product","2":"type-product","3":"status-publish","4":"has-post-thumbnail","6":"product_cat-machines-fr","7":"product_shipping_class-degritter-rcm-fr","9":"first","10":"onbackorder","11":"shipping-taxable","12":"purchasable","13":"product-type-variable","14":"has-default-attributes"},"acf":[],"_links":{"self":[{"href":"https:\/\/degritter.com\/fr\/wp-json\/wp\/v2\/product\/6543","targetHints":{"allow":["GET"]}}],"collection":[{"href":"https:\/\/degritter.com\/fr\/wp-json\/wp\/v2\/product"}],"about":[{"href":"https:\/\/degritter.com\/fr\/wp-json\/wp\/v2\/types\/product"}],"wp:featuredmedia":[{"embeddable":true,"href":"https:\/\/degritter.com\/fr\/wp-json\/wp\/v2\/media\/7088"}],"wp:attachment":[{"href":"https:\/\/degritter.com\/fr\/wp-json\/wp\/v2\/media?parent=6543"}],"wp:term":[{"taxonomy":"product_brand","embeddable":true,"href":"https:\/\/degritter.com\/fr\/wp-json\/wp\/v2\/product_brand?post=6543"},{"taxonomy":"product_cat","embeddable":true,"href":"https:\/\/degritter.com\/fr\/wp-json\/wp\/v2\/product_cat?post=6543"},{"taxonomy":"product_tag","embeddable":true,"href":"https:\/\/degritter.com\/fr\/wp-json\/wp\/v2\/product_tag?post=6543"}],"curies":[{"name":"wp","href":"https:\/\/api.w.org\/{rel}","templated":true}]}}