{"id":6496,"date":"2022-05-29T08:42:33","date_gmt":"2022-05-29T08:42:33","guid":{"rendered":"https:\/\/degritter.com\/product\/reservoir-deau-externe\/"},"modified":"2022-05-29T08:42:33","modified_gmt":"2022-05-29T08:42:33","slug":"reservoir-deau-externe","status":"publish","type":"product","link":"https:\/\/degritter.com\/fr\/produit\/reservoir-deau-externe\/","title":{"rendered":"R\u00e9servoir d&rsquo;eau externe"},"content":{"rendered":"<p>Degritter permet de rincer les disques pendant les cycles de lavage gr\u00e2ce \u00e0 un r\u00e9servoir d&rsquo;eau s\u00e9par\u00e9.<\/p>\n<p>Deux r\u00e9servoirs d&rsquo;eau peuvent \u00e9galement \u00eatre utilis\u00e9s pour nettoyer les disques efficacement en termes de temps \u2013 si l&rsquo;eau dans un r\u00e9servoir chauffe apr\u00e8s le nettoyage, un autre contenant de l&rsquo;eau plus froide peut \u00eatre ins\u00e9r\u00e9 pendant que le premier refroidit.<\/p>\n","protected":false},"excerpt":{"rendered":"<p>R\u00e9servoir d&rsquo;eau externe suppl\u00e9mentaire avec couvercle, pouvant \u00eatre utilis\u00e9 pour remplacer rapidement l&rsquo;eau dans la machine de nettoyage Degritter.<\/p>\n","protected":false},"featured_media":6497,"template":"","meta":{"_acf_changed":false,"inline_featured_image":false},"product_brand":[],"product_cat":[330],"product_tag":[],"class_list":{"0":"post-6496","1":"product","2":"type-product","3":"status-publish","4":"has-post-thumbnail","6":"product_cat-accessoires","7":"product_shipping_class-reservoir-deau","9":"first","10":"instock","11":"shipping-taxable","12":"purchasable","13":"product-type-simple"},"acf":[],"_links":{"self":[{"href":"https:\/\/degritter.com\/fr\/wp-json\/wp\/v2\/product\/6496","targetHints":{"allow":["GET"]}}],"collection":[{"href":"https:\/\/degritter.com\/fr\/wp-json\/wp\/v2\/product"}],"about":[{"href":"https:\/\/degritter.com\/fr\/wp-json\/wp\/v2\/types\/product"}],"wp:featuredmedia":[{"embeddable":true,"href":"https:\/\/degritter.com\/fr\/wp-json\/wp\/v2\/media\/6497"}],"wp:attachment":[{"href":"https:\/\/degritter.com\/fr\/wp-json\/wp\/v2\/media?parent=6496"}],"wp:term":[{"taxonomy":"product_brand","embeddable":true,"href":"https:\/\/degritter.com\/fr\/wp-json\/wp\/v2\/product_brand?post=6496"},{"taxonomy":"product_cat","embeddable":true,"href":"https:\/\/degritter.com\/fr\/wp-json\/wp\/v2\/product_cat?post=6496"},{"taxonomy":"product_tag","embeddable":true,"href":"https:\/\/degritter.com\/fr\/wp-json\/wp\/v2\/product_tag?post=6496"}],"curies":[{"name":"wp","href":"https:\/\/api.w.org\/{rel}","templated":true}]}}