{"id":2605,"date":"2023-10-30T10:51:40","date_gmt":"2023-10-30T10:51:40","guid":{"rendered":"https:\/\/degritter.com\/?page_id=2605"},"modified":"2025-12-11T14:40:53","modified_gmt":"2025-12-11T14:40:53","slug":"home","status":"publish","type":"page","link":"https:\/\/degritter.com\/fr\/","title":{"rendered":"Home"},"content":{"rendered":"<div id=\"acf-block_693ad7f33250e\" class=\"acf-block-element element-hero alignmax position-relative has-scrolldown\"><div class=\"element-hero__bg position-absolute has-overlay-o\"><img loading=\"lazy\" decoding=\"async\" width=\"1148\" height=\"498\" src=\"https:\/\/degritter.com\/wp-content\/uploads\/2025\/12\/Frame-892.png\" class=\"attachment-hero-xxl size-hero-xxl\" alt=\"\" srcset=\"https:\/\/degritter.com\/wp-content\/uploads\/2025\/12\/Frame-892.png 1148w, https:\/\/degritter.com\/wp-content\/uploads\/2025\/12\/Frame-892-470x204.png 470w, https:\/\/degritter.com\/wp-content\/uploads\/2025\/12\/Frame-892-980x425.png 980w, https:\/\/degritter.com\/wp-content\/uploads\/2025\/12\/Frame-892-810x351.png 810w\" sizes=\"auto, (max-width: 1148px) 100vw, 1148px\" \/><img loading=\"lazy\" decoding=\"async\" width=\"750\" height=\"498\" src=\"https:\/\/degritter.com\/wp-content\/uploads\/2025\/12\/Frame-892-750x498.png\" class=\"attachment-hero-product-mobile-xxl size-hero-product-mobile-xxl\" alt=\"\" \/><\/div><div class=\"element-hero__bg-stencils position-absolute stencil_style1\"><div class=\"el-inner position-absolute\"><svg xmlns=\"http:\/\/www.w3.org\/2000\/svg\" xmlns:xlink=\"http:\/\/www.w3.org\/1999\/xlink\" width=\"309.944\" height=\"309.944\" viewBox=\"0 0 309.944 309.944\"><g transform=\"translate(104.443 -176.027)\"><circle cx=\"154.472\" cy=\"154.472\" r=\"154.472\" transform=\"translate(-103.943 176.527)\" fill=\"none\" stroke=\"#d30926\" stroke-miterlimit=\"10\" stroke-width=\"1\"\/><\/g><\/svg><svg xmlns=\"http:\/\/www.w3.org\/2000\/svg\" xmlns:xlink=\"http:\/\/www.w3.org\/1999\/xlink\" width=\"675.944\" height=\"675.944\" viewBox=\"0 0 675.944 675.944\"><g transform=\"translate(-904.5 -213.027)\"><circle cx=\"337.472\" cy=\"337.472\" r=\"337.472\" transform=\"translate(905 213.527)\" fill=\"none\" stroke=\"#d30926\" stroke-miterlimit=\"10\" stroke-width=\"1\"\/><\/g><\/svg><\/div><\/div><div class=\"container d-flex flex-wrap align-items-end position-relative\" data-animate=\"T_FADE_UP\"><div class=\"hero-content\">\n\n<h1 class=\"wp-block-heading wp-el\">Prendre le temps<br>de d\u00e9couvrir<\/h1>\n\n<\/div><a href=\"https:\/\/degritter.com\/fr\/distributeurs\/\" class=\"hero-btn position-absolute text-uppercase font-roadradio d-flex flex-wrap\" target=\"\"><span class=\"align-self-center\">Trouver un distributeur<\/span><span class=\"animated-arrow\"><svg xmlns=\"http:\/\/www.w3.org\/2000\/svg\" width=\"51.473\" height=\"29.31\" viewBox=\"0 0 51.473 29.31\"><g transform=\"translate(-402.094 -101.613)\"><path d=\"M453.566,116.268a14.655,14.655,0,0,0-14.655,14.655\" fill=\"none\" stroke=\"currentColor\" stroke-miterlimit=\"10\" stroke-width=\"1.5\"\/><path d=\"M438.911,101.613a14.655,14.655,0,0,0,14.655,14.655\" fill=\"none\" stroke=\"currentColor\" stroke-miterlimit=\"10\" stroke-width=\"1.5\"\/><line x1=\"51.472\" transform=\"translate(402.094 116.268)\" fill=\"none\" stroke=\"currentColor\" stroke-miterlimit=\"10\" stroke-width=\"1.5\"\/><\/g><\/svg><svg xmlns=\"http:\/\/www.w3.org\/2000\/svg\" width=\"51.473\" height=\"29.31\" viewBox=\"0 0 51.473 29.31\"><g transform=\"translate(-402.094 -101.613)\"><path d=\"M453.566,116.268a14.655,14.655,0,0,0-14.655,14.655\" fill=\"none\" stroke=\"currentColor\" stroke-miterlimit=\"10\" stroke-width=\"1.5\"\/><path d=\"M438.911,101.613a14.655,14.655,0,0,0,14.655,14.655\" fill=\"none\" stroke=\"currentColor\" stroke-miterlimit=\"10\" stroke-width=\"1.5\"\/><line x1=\"51.472\" transform=\"translate(402.094 116.268)\" fill=\"none\" stroke=\"currentColor\" stroke-miterlimit=\"10\" stroke-width=\"1.5\"\/><\/g><\/svg><\/span><\/a><\/div><p class=\"element-hero__scrolldown font-roadradio text-uppercase fw-bold text-center position-absolute start-50 bottom-0 translate-middle-x\">Faire d\u00e9filer vers le bas<\/p><\/div>\n\n<p><!-- Start cookieyes banner --> <script id=\"cookieyes\" type=\"text\/javascript\" src=\"https:\/\/cdn-cookieyes.com\/client_data\/a8c0d7dbd5ab34539f4a8938\/script.js\"><\/script> <!-- End cookieyes banner --><\/p>\n\n<div id=\"acf-block_693ad7f332574\" class=\"acf-block-element element-video\"><div class=\"row\"><div class=\"col-12 is-style-alt\"><div class=\"ama-custom__video\"><video class=\"hover-play-video\" muted playsinline controls><source src=\"https:\/\/degritter.com\/wp-content\/uploads\/2025\/12\/Koduka-Hero-Video.mov\" type=\"video\/mp4\"><\/video><\/div><\/div><div class=\"col-12\"><h2 class=\"wp-el has-giant-font-size\">Degritter<\/h2><div class=\"video__content\"><div class=\"classic-editor\"><p>Degritter est la meilleure machine de nettoyage de disques \u00e0 ultrasons au monde, dot\u00e9e de fonctionnalit\u00e9s intelligentes et d&rsquo;une convivialit\u00e9 sans pr\u00e9c\u00e9dent.<\/p>\n<\/div><div class=\"classic-editor\"><p>Sa technologie de nettoyage par ultrasons \u00e9limine la salet\u00e9 et la poussi\u00e8re des sillons du disque, am\u00e9liorant ainsi la qualit\u00e9 audio.<\/p>\n<\/div><\/div><\/div><\/div><div class=\"el-stencil position-absolute\"><svg xmlns=\"http:\/\/www.w3.org\/2000\/svg\" width=\"201\" height=\"101\" viewBox=\"0 0 201 101\"><path d=\"M1648.557,833.788a100,100,0,0,1-100,100v-85.67a14.33,14.33,0,0,0,0-28.66v-85.67A100,100,0,0,1,1648.557,833.788Z\" transform=\"translate(-733.288 1649.057) rotate(-90)\" fill=\"none\" stroke=\"#d30926\" stroke-miterlimit=\"10\" stroke-width=\"1\"\/><\/svg><\/div><\/div>\n\n<div id=\"acf-block_693ad7f3325d3\" class=\"acf-block-element element-txtmedia-advanced has-bgcolor alignmax\"><div class=\"container is-double\"><div class=\"double-item is-style-wide\"><div class=\"item__media\"><div class=\"ama-custom__video\"><video class=\"hover-play-video\" muted playsinline controls><source src=\"https:\/\/degritter.com\/wp-content\/uploads\/2024\/01\/Degritter-Fully-Automatic-v1_1.mp4\" type=\"video\/mp4\"><\/video><\/div><\/div><div class=\"item__content\"><h2 class=\"wp-el has-giant-font-size\">Enti\u00e8rement automatique <\/h2><div class=\"classic-editor\"><p>D\u2019une simple pression sur un bouton, la Degritter trempe, nettoie et s\u00e8che votre disque. Avec quatre cycles de lavage diff\u00e9rents, un temps de s\u00e9chage personnalisable, la possibilit\u00e9 de pr\u00e9trempage et de rin\u00e7age, la Degritter est facile \u00e0 manipuler et pratique \u00e0 utiliser.<\/p>\n<\/div><\/div><\/div><div class=\"double-item is-style-narrow\"><div class=\"item__media\"><div class=\"ama-custom__video\"><video class=\"hover-play-video\" muted playsinline controls><source src=\"https:\/\/degritter.com\/wp-content\/uploads\/2024\/01\/Degritter-Watertank_v1_1.mp4\" type=\"video\/mp4\"><\/video><\/div><\/div><div class=\"item__content\"><h2 class=\"wp-el has-giant-font-size\">R\u00e9servoir d\u2019eau amovible<\/h2><div class=\"classic-editor\"><p>Le r\u00e9servoir d\u2019eau amovible de la Degritter est facile \u00e0 remplir et \u00e0 vider sans risque d\u2019abimer vos disques. <\/p>\n<\/div><\/div><\/div><div class=\"el-stencil position-absolute stencil-v-top stencil-h-right stencil1\"><svg xmlns=\"http:\/\/www.w3.org\/2000\/svg\" width=\"480\" height=\"480\" viewBox=\"0 0 480 480\"><circle cx=\"239.5\" cy=\"239.5\" r=\"239.5\" transform=\"translate(0.5 0.5)\" fill=\"none\" stroke=\"#d30926\" stroke-miterlimit=\"10\" stroke-width=\"1\"\/><\/svg><\/div><\/div><div class=\"container is-singular\"><div class=\"item__media\"><div class=\"ama-custom__video\"><video class=\"hover-play-video\" muted playsinline controls><source src=\"https:\/\/degritter.com\/wp-content\/uploads\/2024\/01\/Degritter-Ultrasonic-Cleaning-plokk-v1_1.mp4\" type=\"video\/mp4\"><\/video><\/div><\/div><div class=\"item__content\"><h2 class=\"wp-el has-giant-font-size\">Nettoyage par ultrasons<\/h2><div class=\"classic-editor\"><p>Le nettoyage par ultrasons de la Degritter permet de r\u00e9curer toutes les petites fissures laiss\u00e9es intactes par les m\u00e9thodes de nettoyage m\u00e9caniques.<\/p>\n<p>Nettoyage sans contact, sans que rien \u00e0 l\u2019int\u00e9rieur de l\u2019appareil ne vienne frotter le disque.<\/p>\n<\/div><div class=\"classic-editor\"><p>Deux transducteurs ultrasoniques situ\u00e9s de part et d\u2019autre \u00e9mettent des vibrations de 120\u00a0kHz pr\u00e9sentant une \u00e9nergie de nettoyage homog\u00e8ne sur la surface du disque.<\/p>\n<p>La Degritter est le nettoyeur de disques \u00e0 ultrasons le plus puissant du march\u00e9 par litre d\u2019eau. <\/p>\n<\/div><\/div><div class=\"el-stencil position-absolute stencil-v-center stencil-h-left stencil1\"><svg xmlns=\"http:\/\/www.w3.org\/2000\/svg\" width=\"480\" height=\"480\" viewBox=\"0 0 480 480\"><circle cx=\"239.5\" cy=\"239.5\" r=\"239.5\" transform=\"translate(0.5 0.5)\" fill=\"none\" stroke=\"#d30926\" stroke-miterlimit=\"10\" stroke-width=\"1\"\/><\/svg><\/div><\/div><div class=\"container is-double is-reveresed\"><div class=\"double-item is-style-wide\"><div class=\"item__media\"><div class=\"ama-custom__video\"><video class=\"hover-play-video\" muted playsinline controls><source src=\"https:\/\/degritter.com\/wp-content\/uploads\/2024\/01\/Degritter-Luhivideo-Two-tank-rinse-v2.mp4\" type=\"video\/mp4\"><\/video><\/div><\/div><div class=\"item__content\"><h2 class=\"wp-el has-giant-font-size\">Fonction de rin\u00e7age \u00e0 deux r\u00e9servoirs<\/h2><div class=\"classic-editor\"><p>La Degritter peut \u00eatre utilis\u00e9e avec deux r\u00e9servoirs*, stockant s\u00e9par\u00e9ment l\u2019eau de la solution de nettoyage et l\u2019eau de rin\u00e7age propre. L\u2019appareil vous indiquera quand utiliser quel r\u00e9servoir.<\/p>\n<p>*deuxi\u00e8me r\u00e9servoir vendu s\u00e9par\u00e9ment<\/p>\n<\/div><\/div><\/div><div class=\"double-item is-style-narrow\"><div class=\"item__media\"><div class=\"ama-custom__video\"><video class=\"hover-play-video\" muted playsinline controls><source src=\"https:\/\/degritter.com\/wp-content\/uploads\/2024\/01\/Degritter-Filter-v1_1.mp4\" type=\"video\/mp4\"><\/video><\/div><\/div><div class=\"item__content\"><h2 class=\"wp-el has-giant-font-size\">Syst\u00e8me de filtrage<\/h2><div class=\"classic-editor\"><p>L\u2019eau de nettoyage est pomp\u00e9e \u00e0 travers un filtre rempla\u00e7able, emp\u00eachant toute salet\u00e9 de se retrouver sur le disque.<\/p>\n<\/div><\/div><\/div><div class=\"el-stencil position-absolute stencil-v-top stencil-h-right stencil2\"><svg xmlns=\"http:\/\/www.w3.org\/2000\/svg\" width=\"101\" height=\"201\" viewBox=\"0 0 101 201\"><path d=\"M1648.557,833.788a100,100,0,0,1-100,100v-85.67a14.33,14.33,0,0,0,0-28.66v-85.67A100,100,0,0,1,1648.557,833.788Z\" transform=\"translate(1649.057 934.288) rotate(180)\" fill=\"none\" stroke=\"#d30926\" stroke-miterlimit=\"10\" stroke-width=\"1\"\/><\/svg><\/div><\/div><\/div>\n\n<div id=\"acf-block_693ad7f3325fa\" class=\"acf-block-element element-feedbacks element-right\"><div class=\"splide\" data-splide={\"arrows\":false}><div class=\"splide__track\"><ul class=\"splide__list\"><li class=\"splide__slide\"><div class=\"feedback-item\"><div class=\"feedback-item__content\"><p class=\"fw-bold font-roadradio text-center\">By Alex Halberstadt<\/p><p class=\"fw-semibold has-giant-font-size text-center\">Stereophile<\/p><div class=\"feedback-item__editor\"><div class=\"classic-editor\"><p>If you haven&rsquo;t experienced this ultrasonic effect, think about what happens to a centuries-old oil painting when it is being cleaned. Using a solvent, a conservator removes the top layer of varnish along with decades of dirt as well as smoke and other air pollutants, exposing the original paint. A conserved painting looks more detailed but also brighter and more colorful. <\/p>\n<\/div><\/div><\/div><div class=\"feedback-item__media d-flex flex-wrap align-items-center justify-content-center\"><img loading=\"lazy\" decoding=\"async\" width=\"269\" height=\"208\" src=\"https:\/\/degritter.com\/wp-content\/uploads\/fly-images\/5923\/POTY2024_Accessory-269x269.jpg\" class=\"attachment-269x269\" alt=\"POTY2024_Accessory\" \/><\/div><\/div><\/li><li class=\"splide__slide\"><div class=\"feedback-item\"><div class=\"feedback-item__content\"><p class=\"fw-bold font-roadradio text-center\">By Volker Frech<\/p><p class=\"fw-semibold has-giant-font-size text-center\">Lite Magazin<\/p><div class=\"feedback-item__editor\"><div class=\"classic-editor\"><p>Wir haben die gleich oft geh\u00f6rten und gleicherma\u00dfen staubbehafteten Platten 1 und 2 vor und nach der Reinigung angeh\u00f6rt: Beide sind nachher drastisch und \u00fcberaus wohltuend knister-, knack- und rausch\u00e4rmer.<\/p>\n<\/div><\/div><\/div><div class=\"feedback-item__media d-flex flex-wrap align-items-center justify-content-center\"><img loading=\"lazy\" decoding=\"async\" width=\"269\" height=\"190\" src=\"https:\/\/degritter.com\/wp-content\/uploads\/fly-images\/5874\/2412103.Degritter-Testsiegel-269x269.jpg\" class=\"attachment-269x269\" alt=\"2412103.Degritter-Testsiegel\" \/><\/div><\/div><\/li><li class=\"splide__slide\"><div class=\"feedback-item\"><div class=\"feedback-item__content\"><p class=\"fw-bold font-roadradio text-center\">By Anthony Kershaw<\/p><p class=\"fw-semibold has-giant-font-size text-center\">Audiophilia<\/p><div class=\"feedback-item__editor\"><div class=\"classic-editor\"><p>What the Degritter MARK II did to this record was nothing less than miraculous. Truly jaw-dropping. <\/p>\n<p>Not only was every click and pop gone, but the dynamics and the soundstage of the record were improved. Impossible, right? That\u2019s what I thought. But no, after living with this record for a long time with many, many plays, the major differences were there<\/p>\n<\/div><\/div><\/div><div class=\"feedback-item__media d-flex flex-wrap align-items-center justify-content-center\"><img loading=\"lazy\" decoding=\"async\" width=\"269\" height=\"269\" src=\"https:\/\/degritter.com\/wp-content\/uploads\/fly-images\/5867\/REVIEWSTAR-269x269.jpg\" class=\"attachment-269x269\" alt=\"REVIEW+STAR\" \/><\/div><\/div><\/li><li class=\"splide__slide\"><div class=\"feedback-item\"><div class=\"feedback-item__content\"><p class=\"fw-bold font-roadradio text-center\">by Paul Rigby<\/p><p class=\"fw-semibold has-giant-font-size text-center\">The Audiophile Man<\/p><div class=\"feedback-item__editor\"><div class=\"classic-editor\"><p>This Mark II is stunning. Absolutely stunning. I was completely surprised at the improvements because I really didn\u2019t believe the Mk.I could be improved and by an appreciable much.<\/p>\n<\/div><\/div><\/div><div class=\"feedback-item__media d-flex flex-wrap align-items-center justify-content-center\"><img loading=\"lazy\" decoding=\"async\" width=\"183\" height=\"269\" src=\"https:\/\/degritter.com\/wp-content\/uploads\/fly-images\/5846\/Screen-Shot-2016-06-10-at-12.00.48-2-269x269.jpg\" class=\"attachment-269x269\" alt=\"Screen-Shot-2016-06-10-at-12.00.48-2\" \/><\/div><\/div><\/li><li class=\"splide__slide\"><div class=\"feedback-item\"><div class=\"feedback-item__content\"><p class=\"fw-semibold has-giant-font-size text-center\">Tannoyista<\/p><div class=\"feedback-item__editor\"><div class=\"classic-editor\"><p>It doesn&rsquo;t matter if you\u2019re a fully-fledged vinyl nut, if you&rsquo;re just getting into vinyl, have a small or large collection or are returning to vinyl after a long hiatus, the Degritter Mk-II is a necessity. In the world of Hi-Fi, you can spend an awful lot more on tweaks, which, in the end, won\u2019t give you anything like as much pleasure<\/p>\n<\/div><\/div><\/div><div class=\"feedback-item__media d-flex flex-wrap align-items-center justify-content-center\"><img loading=\"lazy\" decoding=\"async\" width=\"269\" height=\"194\" src=\"https:\/\/degritter.com\/wp-content\/uploads\/fly-images\/5860\/Tannoyista_title_logo_sml-269x269.png\" class=\"attachment-269x269\" alt=\"Tannoyista_title_logo_sml\" \/><\/div><\/div><\/li><li class=\"splide__slide\"><div class=\"feedback-item\"><div class=\"feedback-item__content\"><p class=\"fw-bold font-roadradio text-center\">By Robert Mulligan<\/p><p class=\"fw-semibold has-giant-font-size text-center\">Vinyle &#038; Audio<\/p><div class=\"feedback-item__editor\"><div class=\"classic-editor\"><p>Compacte, \u00e9l\u00e9gante et \u00e0 la finition parfaite, la machine Degritter Mark II est une machine universelle \u00e0 laver les disques. Facile d&#8217;emploi et d&rsquo;entretien : c&rsquo;est clairement la r\u00e9f\u00e9rence pour nettoyer efficacement tous vos pr\u00e9cieux vinyles.<\/p>\n<\/div><\/div><\/div><div class=\"feedback-item__media d-flex flex-wrap align-items-center justify-content-center\"><img loading=\"lazy\" decoding=\"async\" width=\"269\" height=\"269\" src=\"https:\/\/degritter.com\/wp-content\/uploads\/fly-images\/5887\/302607685_521219220009178_8965050967579558260_n-269x269.jpg\" class=\"attachment-269x269\" alt=\"302607685_521219220009178_8965050967579558260_n\" \/><\/div><\/div><\/li><li class=\"splide__slide\"><div class=\"feedback-item\"><div class=\"feedback-item__content\"><p class=\"fw-bold font-roadradio text-center\">by Lee Dunkley<\/p><p class=\"fw-semibold has-giant-font-size text-center\">Hi-Fi Choice<\/p><div class=\"feedback-item__editor\"><div class=\"classic-editor\"><p>The Degritter automatic record cleaning machine does a remarkably thorough job and is one of the most sophisticated models we\u2019ve seen. It\u2019s a great addition to any vinyl collection.<\/p>\n<\/div><\/div><\/div><div class=\"feedback-item__media d-flex flex-wrap align-items-center justify-content-center\"><img loading=\"lazy\" decoding=\"async\" width=\"200\" height=\"269\" src=\"https:\/\/degritter.com\/wp-content\/uploads\/fly-images\/1166\/HiFi-Choice_badge-269x269.png\" class=\"attachment-269x269\" alt=\"HiFi Choice_badge\" \/><\/div><\/div><\/li><li class=\"splide__slide\"><div class=\"feedback-item\"><div class=\"feedback-item__content\"><p class=\"fw-bold font-roadradio text-center\">by Marc Henshall<\/p><p class=\"fw-semibold has-giant-font-size text-center\">Sound Matters<\/p><div class=\"feedback-item__editor\"><div class=\"classic-editor\"><p>The Degritter is the best Ultrasonic record cleaning machine for home use, bar-none.<br \/>\nNot only are the cleaning results outstanding and the engineering super-smart, but it also feels luxurious to use day-to-day.<br \/>\nIt\u2019s the little touches that make it feel this way, like the high-end feel of the interface and the super-soft push buttons that have a \u201cre-assuring\u201d feel to them.<br \/>\nHaving cleaned over 100 records with the Degritter, I simply can\u2019t afford NOT to have this machine in my record cleaning arsenal. <\/p>\n<\/div><\/div><\/div><div class=\"feedback-item__media d-flex flex-wrap align-items-center justify-content-center\"><img loading=\"lazy\" decoding=\"async\" width=\"269\" height=\"89\" src=\"https:\/\/degritter.com\/wp-content\/uploads\/fly-images\/1865\/recommended-product-269x269.png\" class=\"attachment-269x269\" alt=\"recommended-product\" \/><\/div><\/div><\/li><\/ul><\/div><\/div><\/div>\n\n<div id=\"acf-block_693ad7f332608\" class=\"acf-block-element element-bgcolor alignmax bg-light\"><div class=\"container\">\n<div id=\"acf-block_693ad7f332610\" class=\"acf-block-element element-newsletter\"><div class=\"block-inner\"><p class=\"text-center text-uppercase font-roadradio fw-bold\">Rejoignez la famille Degritter<\/p><p class=\"text-center has-giant-font-size fw-semibold\">Bulletin d\u2019information<\/p><p class=\"text-center\">Restez au courant des nouveaux produits, des promotions et de nos s\u00e9ries limit\u00e9es<\/p>\n<div class=\"wpcf7 no-js\" id=\"wpcf7-f269-o1\" lang=\"en-US\" dir=\"ltr\" data-wpcf7-id=\"269\">\n<div class=\"screen-reader-response\"><p role=\"status\" aria-live=\"polite\" aria-atomic=\"true\"><\/p> <ul><\/ul><\/div>\n<form action=\"\/fr\/wp-json\/wp\/v2\/pages\/2605#wpcf7-f269-o1\" method=\"post\" class=\"wpcf7-form init fbfe3c02e637 cmatic-conn cmatic-aud-3 cmatic-mapd0-0 cmatic-v0976 cmatic-sent-0 cmatic-total-138741\" aria-label=\"Contact form\" novalidate=\"novalidate\" data-status=\"init\">\n<fieldset class=\"hidden-fields-container\"><input type=\"hidden\" name=\"_wpcf7\" value=\"269\" \/><input type=\"hidden\" name=\"_wpcf7_version\" value=\"6.1.5\" \/><input type=\"hidden\" name=\"_wpcf7_locale\" value=\"en_US\" \/><input type=\"hidden\" name=\"_wpcf7_unit_tag\" value=\"wpcf7-f269-o1\" \/><input type=\"hidden\" name=\"_wpcf7_container_post\" value=\"0\" \/><input type=\"hidden\" name=\"_wpcf7_posted_data_hash\" value=\"\" \/><input type=\"hidden\" name=\"_wpcf7_recaptcha_response\" value=\"\" \/>\n<\/fieldset>\n<div class=\"d-field-with-submit\">\n<span class=\"wpcf7-form-control-wrap\" data-name=\"newsletter-email\"><input size=\"40\" maxlength=\"400\" class=\"wpcf7-form-control wpcf7-email wpcf7-validates-as-required wpcf7-text wpcf7-validates-as-email\" aria-required=\"true\" aria-invalid=\"false\" placeholder=\"E-mail address\" value=\"\" type=\"email\" name=\"newsletter-email\" \/><\/span>\n<div class=\"form-submit\"><button type=\"submit\" class=\"wpcf7-submit only-icon animated-arrow\"><svg xmlns=\"http:\/\/www.w3.org\/2000\/svg\" width=\"51.472\" height=\"29.31\" viewBox=\"0 0 51.472 29.31\"><path d=\"M453.566,116.268a14.655,14.655,0,0,0-14.655,14.655\" transform=\"translate(-402.094 -101.613)\" fill=\"none\" stroke=\"currentColor\" stroke-miterlimit=\"10\" stroke-width=\"1.5\"\/><path d=\"M438.911,101.613a14.655,14.655,0,0,0,14.655,14.655\" transform=\"translate(-402.094 -101.613)\" fill=\"none\" stroke=\"currentColor\" stroke-miterlimit=\"10\" stroke-width=\"1.5\"\/><line x1=\"51.472\" transform=\"translate(0 14.655)\" fill=\"none\" stroke=\"currentColor\" stroke-miterlimit=\"10\" stroke-width=\"1.5\"\/><\/svg><svg xmlns=\"http:\/\/www.w3.org\/2000\/svg\" width=\"51.472\" height=\"29.31\" viewBox=\"0 0 51.472 29.31\"><path d=\"M453.566,116.268a14.655,14.655,0,0,0-14.655,14.655\" transform=\"translate(-402.094 -101.613)\" fill=\"none\" stroke=\"currentColor\" stroke-miterlimit=\"10\" stroke-width=\"1.5\"\/><path d=\"M438.911,101.613a14.655,14.655,0,0,0,14.655,14.655\" transform=\"translate(-402.094 -101.613)\" fill=\"none\" stroke=\"currentColor\" stroke-miterlimit=\"10\" stroke-width=\"1.5\"\/><line x1=\"51.472\" transform=\"translate(0 14.655)\" fill=\"none\" stroke=\"currentColor\" stroke-miterlimit=\"10\" stroke-width=\"1.5\"\/><\/svg><\/button><\/div>\n<\/div>\n<div class=\"text-center\"><span class=\"wpcf7-form-control-wrap\" data-name=\"newsletter-acceptance\"><span class=\"wpcf7-form-control wpcf7-acceptance\"><span class=\"wpcf7-list-item\"><label><input type=\"checkbox\" name=\"newsletter-acceptance\" value=\"1\" aria-invalid=\"false\" \/><span class=\"wpcf7-list-item-label\">I accept that Degritter will process my personal data. <a href=\"http:\/\/degritter.com\/privacy-policy\/\" target=\"_blank\">Privacy Policy<\/a><\/span><\/label><\/span><\/span><\/span><\/div><div class=\"wpcf7-response-output\" aria-hidden=\"true\"><\/div>\n<\/form>\n<\/div>\n<\/div><\/div>\n<\/div><\/div>","protected":false},"excerpt":{"rendered":"","protected":false},"author":1,"featured_media":3186,"parent":0,"menu_order":0,"comment_status":"closed","ping_status":"closed","template":"","meta":{"_acf_changed":false,"inline_featured_image":false,"footnotes":""},"class_list":["post-2605","page","type-page","status-publish","has-post-thumbnail","hentry"],"acf":[],"_links":{"self":[{"href":"https:\/\/degritter.com\/fr\/wp-json\/wp\/v2\/pages\/2605","targetHints":{"allow":["GET"]}}],"collection":[{"href":"https:\/\/degritter.com\/fr\/wp-json\/wp\/v2\/pages"}],"about":[{"href":"https:\/\/degritter.com\/fr\/wp-json\/wp\/v2\/types\/page"}],"author":[{"embeddable":true,"href":"https:\/\/degritter.com\/fr\/wp-json\/wp\/v2\/users\/1"}],"replies":[{"embeddable":true,"href":"https:\/\/degritter.com\/fr\/wp-json\/wp\/v2\/comments?post=2605"}],"version-history":[{"count":5,"href":"https:\/\/degritter.com\/fr\/wp-json\/wp\/v2\/pages\/2605\/revisions"}],"predecessor-version":[{"id":7552,"href":"https:\/\/degritter.com\/fr\/wp-json\/wp\/v2\/pages\/2605\/revisions\/7552"}],"wp:featuredmedia":[{"embeddable":true,"href":"https:\/\/degritter.com\/fr\/wp-json\/wp\/v2\/media\/3186"}],"wp:attachment":[{"href":"https:\/\/degritter.com\/fr\/wp-json\/wp\/v2\/media?parent=2605"}],"curies":[{"name":"wp","href":"https:\/\/api.w.org\/{rel}","templated":true}]}}