{"id":2592,"date":"2022-09-15T09:27:00","date_gmt":"2022-09-15T09:27:00","guid":{"rendered":"https:\/\/degritter.com\/?page_id=2592"},"modified":"2026-03-14T14:58:38","modified_gmt":"2026-03-14T14:58:38","slug":"societe","status":"publish","type":"page","link":"https:\/\/degritter.com\/fr\/societe\/","title":{"rendered":"Soci\u00e9t\u00e9"},"content":{"rendered":"<div id=\"acf-block_69b5779ba145b\" class=\"acf-block-element element-hero alignmax position-relative has-bgframe bg-white\"><div class=\"element-hero__bg position-absolute\"><img loading=\"lazy\" decoding=\"async\" width=\"1148\" height=\"498\" src=\"https:\/\/degritter.com\/wp-content\/uploads\/2022\/11\/IMG_0819-1148x498.jpg\" class=\"attachment-hero-xxl size-hero-xxl\" alt=\"\" srcset=\"https:\/\/degritter.com\/wp-content\/uploads\/2022\/11\/IMG_0819-1148x498.jpg 1148w, https:\/\/degritter.com\/wp-content\/uploads\/2022\/11\/IMG_0819-1148x498@2x.jpg 2296w\" sizes=\"auto, (max-width: 1148px) 100vw, 1148px\" \/><img loading=\"lazy\" decoding=\"async\" width=\"750\" height=\"1340\" src=\"https:\/\/degritter.com\/wp-content\/uploads\/2022\/11\/IMG_0819-750x1340.jpg\" class=\"attachment-hero-product-mobile-xxl size-hero-product-mobile-xxl\" alt=\"\" srcset=\"https:\/\/degritter.com\/wp-content\/uploads\/2022\/11\/IMG_0819-750x1340.jpg 750w, https:\/\/degritter.com\/wp-content\/uploads\/2022\/11\/IMG_0819-750x1340@2x.jpg 1500w\" sizes=\"auto, (max-width: 750px) 100vw, 750px\" \/><\/div><div class=\"element-hero__bg-stencils position-absolute stencil_style2\"><div class=\"el-inner position-absolute\"><svg xmlns=\"http:\/\/www.w3.org\/2000\/svg\" width=\"298.686\" height=\"298.686\" viewBox=\"0 0 298.686 298.686\"><g transform=\"translate(149.343) rotate(45)\" fill=\"none\" stroke=\"#d30926\" stroke-width=\"1\"><rect width=\"211.203\" height=\"211.203\" stroke=\"none\"\/><rect x=\"0.5\" y=\"0.5\" width=\"210.203\" height=\"210.203\" fill=\"none\"\/><\/g><\/svg><svg xmlns=\"http:\/\/www.w3.org\/2000\/svg\" width=\"480\" height=\"480\" viewBox=\"0 0 480 480\"><circle cx=\"239.5\" cy=\"239.5\" r=\"239.5\" transform=\"translate(0.5 0.5)\" fill=\"none\" stroke=\"#d30926\" stroke-miterlimit=\"10\" stroke-width=\"1\"\/><\/svg><\/div><\/div><div class=\"container d-flex flex-wrap align-items-end position-relative\" data-animate=\"T_FADE_UP\"><div class=\"hero-content\">\n\n<h1 class=\"wp-block-heading wp-el\">Prenez le temps de d\u00e9couvrir<\/h1>\n\n<\/div><\/div><\/div>\n\n\n<h2 class=\"wp-block-heading has-giant-font-size wp-el\"><strong>Num\u00e9ro&nbsp;1 des nettoyeurs de disques. Point barre.<\/strong><\/h2>\n\n\n<div id=\"acf-block_69b5779ba149b\" class=\"acf-block-element element-custom-columns\"><div class=\"row row-grid\"><div class=\"col-12 col-xl-4 classic-editor\"><p>Degritter est le fabricant des meilleurs nettoyeurs de disques \u00e0 ultrasons au monde. Nos produits sont con\u00e7us pour le salon et sont agr\u00e9ables \u00e0 manipuler La fonctionnalit\u00e9, l\u2019efficacit\u00e9 des r\u00e9sultats et la convivialit\u00e9 ont toujours \u00e9t\u00e9 au c\u0153ur de notre produit.<\/p>\n<\/div><div class=\"col-12 col-xl-4 offset-xl-1 classic-editor\"><p>Depuis 2016, nous avons consacr\u00e9 d\u2019innombrables heures \u00e0 la recherche, au d\u00e9veloppement de produits et \u00e0 la conception de la machine \u00e0 nettoyer les disques Degritter.<\/p>\n<\/div><\/div><\/div>\n\n<div id=\"acf-block_69b5779ba14ae\" class=\"acf-block-element element-txtmedia\"><div class=\"row row-grid align-items-center\"><div class=\"col-12 col-content col-md-6 col-xl-5 offset-xl-1 order-md-1\"><div class=\"col-inner\">\n\n<h2 class=\"wp-block-heading has-giant-font-size wp-el\">Le temps est pr\u00e9cieux, ne le gaspillez pas \u00e0 laver des disques.<\/h2>\n\n\n\n<p class=\"wp-el\">Nous voulons vous donner les moyens de reprendre votre temps pour vivre votre vie et r\u00e9aliser vos r\u00eaves. Degritter est une machine \u00e0 nettoyer les disques qui permet de passer plus de temps \u00e0 \u00e9couter les disques qu\u2019\u00e0 les nettoyer. Nous pensons que les efforts dans la vie devraient \u00eatre du type 20\/80, o\u00f9 20&nbsp;% du travail donne 80&nbsp;% du r\u00e9sultat, et encore mieux si les t\u00e2ches fastidieuses peuvent \u00eatre automatis\u00e9es avec l\u2019aide d\u2019une machine intelligente.<\/p>\n\n<\/div><\/div><div class=\"col-12 col-media col-md-6 col-xl-6\"><div class=\"splide\" data-splide={\"type\":\"fade\",\"pagination\":false}><div class=\"splide__track\"><ul class=\"splide__list\"><li class=\"splide__slide\"><a href=\"https:\/\/degritter.com\/wp-content\/uploads\/2022\/11\/degritter_3_web-1280x1920.jpg\" data-fancybox=\"txtmedia-acf-block_69b5779ba14ae\"><img loading=\"lazy\" decoding=\"async\" width=\"490\" height=\"654\" src=\"https:\/\/degritter.com\/wp-content\/uploads\/2022\/11\/degritter_3_web-490x654.jpg\" class=\"attachment-ama-txtmedia-portrait-w size-ama-txtmedia-portrait-w\" alt=\"\" srcset=\"https:\/\/degritter.com\/wp-content\/uploads\/2022\/11\/degritter_3_web-490x654.jpg 490w, https:\/\/degritter.com\/wp-content\/uploads\/2022\/11\/degritter_3_web-405x540.jpg 405w, https:\/\/degritter.com\/wp-content\/uploads\/2022\/11\/degritter_3_web-320x426.jpg 320w, https:\/\/degritter.com\/wp-content\/uploads\/2022\/11\/degritter_3_web-490x654@2x.jpg 980w, https:\/\/degritter.com\/wp-content\/uploads\/2022\/11\/degritter_3_web-405x540@2x.jpg 810w, https:\/\/degritter.com\/wp-content\/uploads\/2022\/11\/degritter_3_web-320x426@2x.jpg 640w\" sizes=\"auto, (max-width: 490px) 100vw, 490px\" \/><\/a><\/li><\/ul><\/div><div class=\"splide__arrows hide-arrows\"><button class=\"splide__arrow splide__arrow--prev\"><svg xmlns=\"http:\/\/www.w3.org\/2000\/svg\" width=\"31.472\" height=\"29.31\" viewBox=\"0 0 31.472 29.31\"><g transform=\"translate(51.472 29.31) rotate(180)\"><path d=\"M453.566,116.268a14.655,14.655,0,0,0-14.655,14.655\" transform=\"translate(-402.094 -101.613)\" fill=\"none\" stroke=\"currentColor\" stroke-miterlimit=\"10\" stroke-width=\"1.5\"\/><path d=\"M438.911,101.613a14.655,14.655,0,0,0,14.655,14.655\" transform=\"translate(-402.094 -101.613)\" fill=\"none\" stroke=\"currentColor\" stroke-miterlimit=\"10\" stroke-width=\"1.5\"\/><path d=\"M51.472,0H20\" transform=\"translate(0 14.655)\" fill=\"none\" stroke=\"currentColor\" stroke-width=\"1.5\"\/><\/g><\/svg><\/button><button class=\"splide__arrow splide__arrow--next\"><svg xmlns=\"http:\/\/www.w3.org\/2000\/svg\" width=\"31.472\" height=\"29.31\" viewBox=\"0 0 31.472 29.31\"><g transform=\"translate(-20)\"><path d=\"M453.566,116.268a14.655,14.655,0,0,0-14.655,14.655\" transform=\"translate(-402.094 -101.613)\" fill=\"none\" stroke=\"currentColor\" stroke-miterlimit=\"10\" stroke-width=\"1.5\"\/><path d=\"M438.911,101.613a14.655,14.655,0,0,0,14.655,14.655\" transform=\"translate(-402.094 -101.613)\" fill=\"none\" stroke=\"currentColor\" stroke-miterlimit=\"10\" stroke-width=\"1.5\"\/><path d=\"M51.472,0H20\" transform=\"translate(0 14.655)\" fill=\"none\" stroke=\"currentColor\" stroke-width=\"1.5\"\/><\/g><\/svg><\/button><\/div><\/div><\/div><\/div><\/div>\n\n<div id=\"acf-block_69b5779ba14bf\" class=\"acf-block-element element-quotes element-center\"><div class=\"quotes-list\"><div class=\"quote-item\"><div class=\"quote-item__content\"><p class=\"fw-bold font-roadradio text-center\">PDG de Degritter<\/p><p class=\"fw-semibold has-giant-font-size text-center\">Uku P\u00fcttsepp<\/p><div class=\"classic-editor\"><p>Je veux que vous preniez le temps de vivre votre vie et de r\u00e9aliser vos r\u00eaves\u00a0! Degritter vous donne plus de temps pour \u00e9couter de la bonne musique au lieu de nettoyer des disques.<\/p>\n<\/div><\/div><div class=\"quote-item__media\"><div class=\"quote-item__media-inner\"><img loading=\"lazy\" decoding=\"async\" width=\"269\" height=\"269\" src=\"https:\/\/degritter.com\/wp-content\/uploads\/2022\/11\/DSC09890-269x269.jpg\" class=\"attachment-ama-269 size-ama-269\" alt=\"\" srcset=\"https:\/\/degritter.com\/wp-content\/uploads\/2022\/11\/DSC09890-269x269.jpg 269w, https:\/\/degritter.com\/wp-content\/uploads\/2022\/11\/DSC09890-269x269@2x.jpg 538w\" sizes=\"auto, (max-width: 269px) 100vw, 269px\" \/><\/div><\/div><\/div><\/div><\/div>\n\n<div id=\"acf-block_69b5779ba1b66\" class=\"acf-block-element element-txtmedia\"><div class=\"row row-grid align-items-center\"><div class=\"col-12 col-content col-md-6 col-xl-5\"><div class=\"col-inner\">\n\n<h2 class=\"wp-block-heading has-giant-font-size wp-el\"><strong>Des normes de la plus haute qualit\u00e9.<\/strong><\/h2>\n\n\n\n<p class=\"wp-el\">Degritter se distingue sur le march\u00e9 non seulement en appliquant de nouvelles conceptions et technologies, mais aussi en investissant dans une fabrication durable et responsable. Nous nous procurons autant de composants que possible localement. Toutes les pi\u00e8ces m\u00e9talliques de Degritter ont \u00e9t\u00e9 fabriqu\u00e9es en Estonie. Nous avons m\u00eame pos\u00e9 l\u2019\u00e9lectronique en Estonie. Bien entendu, nous assemblons et testons les machines en interne. Le fait que la boucle de production soit r\u00e9duite garantit un contr\u00f4le total de la qualit\u00e9 du produit final et nous permet de r\u00e9agir rapidement aux changements. La Degritter est con\u00e7ue pour \u00eatre modulaire et hautement r\u00e9parable.<\/p>\n\n<\/div><\/div><div class=\"col-12 col-media col-md-6 col-xl-6 offset-xl-1\"><div class=\"splide\" data-splide={\"type\":\"fade\",\"pagination\":false}><div class=\"splide__track\"><ul class=\"splide__list\"><li class=\"splide__slide\"><a href=\"https:\/\/degritter.com\/wp-content\/uploads\/2026\/03\/DSC00369-1920x1280.jpg\" data-fancybox=\"txtmedia-acf-block_69b5779ba1b66\"><img loading=\"lazy\" decoding=\"async\" width=\"490\" height=\"654\" src=\"https:\/\/degritter.com\/wp-content\/uploads\/2026\/03\/DSC00369-490x654.jpg\" class=\"attachment-ama-txtmedia-portrait-w size-ama-txtmedia-portrait-w\" alt=\"\" srcset=\"https:\/\/degritter.com\/wp-content\/uploads\/2026\/03\/DSC00369-490x654.jpg 490w, https:\/\/degritter.com\/wp-content\/uploads\/2026\/03\/DSC00369-405x540.jpg 405w, https:\/\/degritter.com\/wp-content\/uploads\/2026\/03\/DSC00369-320x426.jpg 320w, https:\/\/degritter.com\/wp-content\/uploads\/2026\/03\/DSC00369-490x654@2x.jpg 980w, https:\/\/degritter.com\/wp-content\/uploads\/2026\/03\/DSC00369-405x540@2x.jpg 810w, https:\/\/degritter.com\/wp-content\/uploads\/2026\/03\/DSC00369-320x426@2x.jpg 640w\" sizes=\"auto, (max-width: 490px) 100vw, 490px\" \/><\/a><\/li><\/ul><\/div><div class=\"splide__arrows hide-arrows\"><button class=\"splide__arrow splide__arrow--prev\"><svg xmlns=\"http:\/\/www.w3.org\/2000\/svg\" width=\"31.472\" height=\"29.31\" viewBox=\"0 0 31.472 29.31\"><g transform=\"translate(51.472 29.31) rotate(180)\"><path d=\"M453.566,116.268a14.655,14.655,0,0,0-14.655,14.655\" transform=\"translate(-402.094 -101.613)\" fill=\"none\" stroke=\"currentColor\" stroke-miterlimit=\"10\" stroke-width=\"1.5\"\/><path d=\"M438.911,101.613a14.655,14.655,0,0,0,14.655,14.655\" transform=\"translate(-402.094 -101.613)\" fill=\"none\" stroke=\"currentColor\" stroke-miterlimit=\"10\" stroke-width=\"1.5\"\/><path d=\"M51.472,0H20\" transform=\"translate(0 14.655)\" fill=\"none\" stroke=\"currentColor\" stroke-width=\"1.5\"\/><\/g><\/svg><\/button><button class=\"splide__arrow splide__arrow--next\"><svg xmlns=\"http:\/\/www.w3.org\/2000\/svg\" width=\"31.472\" height=\"29.31\" viewBox=\"0 0 31.472 29.31\"><g transform=\"translate(-20)\"><path d=\"M453.566,116.268a14.655,14.655,0,0,0-14.655,14.655\" transform=\"translate(-402.094 -101.613)\" fill=\"none\" stroke=\"currentColor\" stroke-miterlimit=\"10\" stroke-width=\"1.5\"\/><path d=\"M438.911,101.613a14.655,14.655,0,0,0,14.655,14.655\" transform=\"translate(-402.094 -101.613)\" fill=\"none\" stroke=\"currentColor\" stroke-miterlimit=\"10\" stroke-width=\"1.5\"\/><path d=\"M51.472,0H20\" transform=\"translate(0 14.655)\" fill=\"none\" stroke=\"currentColor\" stroke-width=\"1.5\"\/><\/g><\/svg><\/button><\/div><\/div><\/div><\/div><\/div>\n\n\n<h2 class=\"wp-block-heading has-giant-font-size wp-el\"><strong>Une petite \u00e9quipe pour un impact mondial.<\/strong><\/h2>\n\n\n<div id=\"acf-block_69b5779ba1b8a\" class=\"acf-block-element element-custom-columns\"><div class=\"row row-grid\"><div class=\"col-12 col-xl-4 classic-editor\"><p>Nous sommes actuellement une \u00e9quipe de 14\u00a0personnes, bas\u00e9e \u00e0 Tartu, en Estonie, dans l\u2019Union europ\u00e9enne. Nous travaillons sur environ 450\u00a0m\u00e8tres carr\u00e9s, o\u00f9 nous avons fabriqu\u00e9 des machines pour des clients du monde entier. Notre espace dispose d\u2019une salle d\u2019assemblage, d\u2019une salle d\u00e9di\u00e9e \u00e0 l\u2019assurance qualit\u00e9 et d\u2019une zone de R&#038;D.<\/p>\n<\/div><div class=\"col-12 col-xl-4 offset-xl-1 classic-editor\"><p>Nous aimons r\u00e9soudre des probl\u00e8mes complexes et nous investissons dans nos employ\u00e9s. Nous avons \u00e9galement un programme de financement interne (kickstarter) pour nous motiver \u2014 qui sait, peut-\u00eatre que la prochaine grande caract\u00e9ristique de la Degritter ou une toute nouvelle fonctionnalit\u00e9 viendra de l\u00e0.<\/p>\n<\/div><\/div><\/div>\n\n<div id=\"acf-block_69b5779ba1b9d\" class=\"acf-block-element element-image img-1000x498\"><div class=\"position-relative\"><svg xmlns=\"http:\/\/www.w3.org\/2000\/svg\" width=\"298.686\" height=\"298.686\" viewBox=\"0 0 298.686 298.686\"><g transform=\"translate(93.686 -302.657)\"><g transform=\"translate(55.657 302.657) rotate(45)\" fill=\"none\" stroke=\"#d30926\" stroke-width=\"1\"><rect width=\"211.203\" height=\"211.203\" stroke=\"none\"\/><rect x=\"0.5\" y=\"0.5\" width=\"210.203\" height=\"210.203\" fill=\"none\"\/><\/g><\/g><\/svg><img loading=\"lazy\" decoding=\"async\" width=\"1000\" height=\"498\" src=\"https:\/\/degritter.com\/wp-content\/uploads\/fly-images\/6969\/DSC05828-1000x498-c.jpg\" class=\"attachment-1000x498\" alt=\"DSC05828\" \/><\/div><\/div>","protected":false},"excerpt":{"rendered":"<p>Num\u00e9ro&nbsp;1 des nettoyeurs de disques. Point barre. Une petite \u00e9quipe pour un impact mondial.<\/p>\n","protected":false},"author":1,"featured_media":6969,"parent":0,"menu_order":20,"comment_status":"closed","ping_status":"closed","template":"","meta":{"_acf_changed":false,"inline_featured_image":false,"footnotes":""},"class_list":["post-2592","page","type-page","status-publish","has-post-thumbnail","hentry"],"acf":[],"_links":{"self":[{"href":"https:\/\/degritter.com\/fr\/wp-json\/wp\/v2\/pages\/2592","targetHints":{"allow":["GET"]}}],"collection":[{"href":"https:\/\/degritter.com\/fr\/wp-json\/wp\/v2\/pages"}],"about":[{"href":"https:\/\/degritter.com\/fr\/wp-json\/wp\/v2\/types\/page"}],"author":[{"embeddable":true,"href":"https:\/\/degritter.com\/fr\/wp-json\/wp\/v2\/users\/1"}],"replies":[{"embeddable":true,"href":"https:\/\/degritter.com\/fr\/wp-json\/wp\/v2\/comments?post=2592"}],"version-history":[{"count":5,"href":"https:\/\/degritter.com\/fr\/wp-json\/wp\/v2\/pages\/2592\/revisions"}],"predecessor-version":[{"id":8047,"href":"https:\/\/degritter.com\/fr\/wp-json\/wp\/v2\/pages\/2592\/revisions\/8047"}],"wp:featuredmedia":[{"embeddable":true,"href":"https:\/\/degritter.com\/fr\/wp-json\/wp\/v2\/media\/6969"}],"wp:attachment":[{"href":"https:\/\/degritter.com\/fr\/wp-json\/wp\/v2\/media?parent=2592"}],"curies":[{"name":"wp","href":"https:\/\/api.w.org\/{rel}","templated":true}]}}