{"id":6474,"date":"2022-05-29T08:42:34","date_gmt":"2022-05-29T08:42:34","guid":{"rendered":"https:\/\/degritter.com\/product\/degritador-mark-ii\/"},"modified":"2025-04-14T06:33:58","modified_gmt":"2025-04-14T06:33:58","slug":"degritter-mark-ii","status":"publish","type":"product","link":"https:\/\/degritter.com\/es\/producto\/degritter-mark-ii\/","title":{"rendered":"Degritter Mark II"},"content":{"rendered":"<h2>Arquitectura de la limpieza por ultrasonidos<\/h2>\n<h3>4 Disposici\u00f3n de los transductores<\/h3>\n<p>El tanque de limpieza por ultrasonidos que hay en Degritter est\u00e1 especialmente dise\u00f1ado para discos de vinilo. El tanque tiene dos transductores ultras\u00f3nicos a cada lado que emiten vibraciones ultras\u00f3nicas de 120 kHz, distribuyendo uniformemente la energ\u00eda de limpieza por la superficie del disco.<\/p>\n<h3>Power Drive 2.0<\/h3>\n<p><strong>Modo Pulso<\/strong><\/p>\n<p>La limpieza en modo pulsado es una funci\u00f3n que ofrece el generador de ultrasonidos Power Drive 2.0. Durante la pulsaci\u00f3n, los transductores ultras\u00f3nicos se encienden y apagan r\u00e1pidamente a alta potencia. Esto mejora la cavitaci\u00f3n en el agua, pero mantiene bajo el consumo medio de energ\u00eda.<\/p>\n<p><strong>Barrido de frecuencia<\/strong><\/p>\n<p>La frecuencia de transmisi\u00f3n del generador de ultrasonidos Power Drive oscila entre 120 y 125 kHz. Esto iguala la distribuci\u00f3n de la energ\u00eda de cavitaci\u00f3n en el agua, minimizando las p\u00e9rdidas y proporcionando una acci\u00f3n de limpieza uniforme.<\/p>\n<p><strong>300 vatios<\/strong><\/p>\n<p>La potencia media de todos los programas de lavado es de 300 W. Esto convierte a Degritter en el limpiador ultras\u00f3nico de discos m\u00e1s potente del mercado por litro de agua. La mayor frecuencia de conducci\u00f3n de 120 kHz mantiene tus discos a salvo.<\/p>\n<h2>Caracter\u00edsticas inteligentes<\/h2>\n<h3>Filtrado activo<\/h3>\n<p>El agua de limpieza se bombea a trav\u00e9s de un filtro reemplazable durante el lavado. La filtraci\u00f3n continua evita que la suciedad eliminada acabe de nuevo en el disco.<\/p>\n<h3>Registra un control de temperatura seguro<\/h3>\n<p>El desgerminador controla la temperatura del agua y evita que suba a niveles perjudiciales para los discos de vinilo. Las altas temperaturas se controlan mediante ciclos de refrigeraci\u00f3n autom\u00e1ticos.<\/p>\n<h3>Secado inteligente<\/h3>\n<p>Los discos se secan mediante un flujo de aire filtrado. Tanto el tiempo de secado como la velocidad del ventilador pueden ajustarse para mantener bajo control los niveles de ruido y evitar la acumulaci\u00f3n de electricidad est\u00e1tica.<\/p>\n<h3>Opci\u00f3n de aclarado posterior al lavado<\/h3>\n<p>El desarenador admite registros de aclarado durante los ciclos de lavado con ayuda de un dep\u00f3sito de agua independiente.<\/p>\n<h2>Dise\u00f1ado para ti<\/h2>\n<h3>Distintivamente Autom\u00e1tico<\/h3>\n<p>El tanque de limpieza por ultrasonidos que hay en Degritter est\u00e1 especialmente dise\u00f1ado para discos de vinilo. El tanque tiene dos transductores ultras\u00f3nicos a cada lado que emiten vibraciones ultras\u00f3nicas de 120 kHz, distribuyendo uniformemente la energ\u00eda de limpieza por la superficie del disco.<\/p>\n<h3>Gesti\u00f3n sencilla del agua<\/h3>\n<p>La m\u00e1quina tiene un c\u00f3modo dep\u00f3sito de agua extra\u00edble para sustituir el agua de limpieza.<\/p>\n<h3>Botones Perfect Touch<\/h3>\n<p>Hemos perfeccionado la sensaci\u00f3n y el funcionamiento de los botones de la m\u00e1quina. Las rotaciones y pulsaciones proporcionan la sensaci\u00f3n m\u00e1s satisfactoria que no podr\u00e1s soltar.<\/p>\n","protected":false},"excerpt":{"rendered":"<p class=\"wp-el\">Degritter MARK II ofrece una limpieza ultras\u00f3nica sofisticada y funcionalidades inteligentes para un uso m\u00e1s c\u00f3modo.<\/p>\n<p class=\"wp-el\"><strong>Nuevas caracter\u00edsticas:<br \/>\n<\/strong><strong>Ultrasonic Power Drive 2.0 <\/strong>&#8211; m\u00e1s fuerte, pero seguro para el disco<\/p>\n<p class=\"wp-el\"><strong>Limpieza por impulsos<\/strong>: mejor efecto de limpieza, bajo consumo de energ\u00eda<\/p>\n<p class=\"wp-el\"><strong>Dise\u00f1o exterior pulido<\/strong> &#8211; en consonancia con nuestros elevados est\u00e1ndares de dise\u00f1o<\/p>\n","protected":false},"featured_media":7091,"template":"","meta":{"_acf_changed":false,"inline_featured_image":false},"product_brand":[],"product_cat":[1522],"product_tag":[],"class_list":{"0":"post-6474","1":"product","2":"type-product","3":"status-publish","4":"has-post-thumbnail","6":"product_cat-maquinas","7":"product_shipping_class-degritador-rcm","9":"first","10":"onbackorder","11":"shipping-taxable","12":"purchasable","13":"product-type-variable","14":"has-default-attributes"},"acf":[],"_links":{"self":[{"href":"https:\/\/degritter.com\/es\/wp-json\/wp\/v2\/product\/6474","targetHints":{"allow":["GET"]}}],"collection":[{"href":"https:\/\/degritter.com\/es\/wp-json\/wp\/v2\/product"}],"about":[{"href":"https:\/\/degritter.com\/es\/wp-json\/wp\/v2\/types\/product"}],"wp:featuredmedia":[{"embeddable":true,"href":"https:\/\/degritter.com\/es\/wp-json\/wp\/v2\/media\/7091"}],"wp:attachment":[{"href":"https:\/\/degritter.com\/es\/wp-json\/wp\/v2\/media?parent=6474"}],"wp:term":[{"taxonomy":"product_brand","embeddable":true,"href":"https:\/\/degritter.com\/es\/wp-json\/wp\/v2\/product_brand?post=6474"},{"taxonomy":"product_cat","embeddable":true,"href":"https:\/\/degritter.com\/es\/wp-json\/wp\/v2\/product_cat?post=6474"},{"taxonomy":"product_tag","embeddable":true,"href":"https:\/\/degritter.com\/es\/wp-json\/wp\/v2\/product_tag?post=6474"}],"curies":[{"name":"wp","href":"https:\/\/api.w.org\/{rel}","templated":true}]}}