{"id":6469,"date":"2022-05-29T08:42:34","date_gmt":"2022-05-29T08:42:34","guid":{"rendered":"https:\/\/degritter.com\/product\/liquido-limpiador-ii-100ml\/"},"modified":"2022-05-29T08:42:34","modified_gmt":"2022-05-29T08:42:34","slug":"liquido-limpiador-ii-100ml","status":"publish","type":"product","link":"https:\/\/degritter.com\/es\/producto\/liquido-limpiador-ii-100ml\/","title":{"rendered":"L\u00edquido Limpiador II 100ml"},"content":{"rendered":"<p>100 ml de l\u00edquido limpiador que se puede utilizar para aumentar la eficacia de la m\u00e1quina limpiadora de discos Degritter.<\/p>\n<p>Se pueden a\u00f1adir 1-2 ml de l\u00edquido por cada dep\u00f3sito de agua.<\/p>\n","protected":false},"excerpt":{"rendered":"<p>100 ml de l\u00edquido limpiador que se puede utilizar para aumentar la eficacia de la m\u00e1quina limpiadora de discos Degritter&#8230;.<\/p>\n","protected":false},"featured_media":6417,"template":"","meta":{"_acf_changed":false,"inline_featured_image":false},"product_brand":[],"product_cat":[1496],"product_tag":[],"class_list":{"0":"post-6469","1":"product","2":"type-product","3":"status-publish","4":"has-post-thumbnail","6":"product_cat-accesorios","7":"product_shipping_class-filtros-y-fluidos","9":"first","10":"instock","11":"shipping-taxable","12":"purchasable","13":"product-type-simple"},"acf":[],"_links":{"self":[{"href":"https:\/\/degritter.com\/es\/wp-json\/wp\/v2\/product\/6469","targetHints":{"allow":["GET"]}}],"collection":[{"href":"https:\/\/degritter.com\/es\/wp-json\/wp\/v2\/product"}],"about":[{"href":"https:\/\/degritter.com\/es\/wp-json\/wp\/v2\/types\/product"}],"wp:featuredmedia":[{"embeddable":true,"href":"https:\/\/degritter.com\/es\/wp-json\/wp\/v2\/media\/6417"}],"wp:attachment":[{"href":"https:\/\/degritter.com\/es\/wp-json\/wp\/v2\/media?parent=6469"}],"wp:term":[{"taxonomy":"product_brand","embeddable":true,"href":"https:\/\/degritter.com\/es\/wp-json\/wp\/v2\/product_brand?post=6469"},{"taxonomy":"product_cat","embeddable":true,"href":"https:\/\/degritter.com\/es\/wp-json\/wp\/v2\/product_cat?post=6469"},{"taxonomy":"product_tag","embeddable":true,"href":"https:\/\/degritter.com\/es\/wp-json\/wp\/v2\/product_tag?post=6469"}],"curies":[{"name":"wp","href":"https:\/\/api.w.org\/{rel}","templated":true}]}}