{"id":6467,"date":"2022-05-29T08:42:33","date_gmt":"2022-05-29T08:42:33","guid":{"rendered":"https:\/\/degritter.com\/product\/deposito-externo-de-agua\/"},"modified":"2022-05-29T08:42:33","modified_gmt":"2022-05-29T08:42:33","slug":"deposito-externo-de-agua","status":"publish","type":"product","link":"https:\/\/degritter.com\/es\/producto\/deposito-externo-de-agua\/","title":{"rendered":"Dep\u00f3sito externo de agua"},"content":{"rendered":"<p>Degritter permite enjuagar los discos durante los ciclos de lavado con la ayuda de un dep\u00f3sito de agua independiente.<\/p>\n<p>Tambi\u00e9n se pueden utilizar dos dep\u00f3sitos de agua para limpiar los discos de forma m\u00e1s eficaz: si el agua de un dep\u00f3sito se calienta despu\u00e9s de la limpieza, se puede introducir otro con agua m\u00e1s fr\u00eda mientras se enfr\u00eda el primero.<\/p>\n","protected":false},"excerpt":{"rendered":"<p>Dep\u00f3sito de agua externo adicional con tapa, que puede utilizarse para sustituir r\u00e1pidamente el agua de la m\u00e1quina de limpieza de discos Degritter.<\/p>\n","protected":false},"featured_media":6468,"template":"","meta":{"_acf_changed":false,"inline_featured_image":false},"product_brand":[],"product_cat":[1496],"product_tag":[],"class_list":{"0":"post-6467","1":"product","2":"type-product","3":"status-publish","4":"has-post-thumbnail","6":"product_cat-accesorios","7":"product_shipping_class-deposito-de-agua","9":"first","10":"instock","11":"shipping-taxable","12":"purchasable","13":"product-type-simple"},"acf":[],"_links":{"self":[{"href":"https:\/\/degritter.com\/es\/wp-json\/wp\/v2\/product\/6467","targetHints":{"allow":["GET"]}}],"collection":[{"href":"https:\/\/degritter.com\/es\/wp-json\/wp\/v2\/product"}],"about":[{"href":"https:\/\/degritter.com\/es\/wp-json\/wp\/v2\/types\/product"}],"wp:featuredmedia":[{"embeddable":true,"href":"https:\/\/degritter.com\/es\/wp-json\/wp\/v2\/media\/6468"}],"wp:attachment":[{"href":"https:\/\/degritter.com\/es\/wp-json\/wp\/v2\/media?parent=6467"}],"wp:term":[{"taxonomy":"product_brand","embeddable":true,"href":"https:\/\/degritter.com\/es\/wp-json\/wp\/v2\/product_brand?post=6467"},{"taxonomy":"product_cat","embeddable":true,"href":"https:\/\/degritter.com\/es\/wp-json\/wp\/v2\/product_cat?post=6467"},{"taxonomy":"product_tag","embeddable":true,"href":"https:\/\/degritter.com\/es\/wp-json\/wp\/v2\/product_tag?post=6467"}],"curies":[{"name":"wp","href":"https:\/\/api.w.org\/{rel}","templated":true}]}}