{"id":3250,"date":"2022-09-15T09:27:00","date_gmt":"2022-09-15T09:27:00","guid":{"rendered":"https:\/\/degritter.com\/?page_id=3250"},"modified":"2026-03-14T15:01:19","modified_gmt":"2026-03-14T15:01:19","slug":"empresa","status":"publish","type":"page","link":"https:\/\/degritter.com\/es\/empresa\/","title":{"rendered":"Empresa"},"content":{"rendered":"<div id=\"acf-block_69b5783b8d875\" class=\"acf-block-element element-hero alignmax position-relative has-bgframe bg-white\"><div class=\"element-hero__bg position-absolute\"><img loading=\"lazy\" decoding=\"async\" width=\"1148\" height=\"498\" src=\"https:\/\/degritter.com\/wp-content\/uploads\/2022\/11\/IMG_0819-1148x498.jpg\" class=\"attachment-hero-xxl size-hero-xxl\" alt=\"\" srcset=\"https:\/\/degritter.com\/wp-content\/uploads\/2022\/11\/IMG_0819-1148x498.jpg 1148w, https:\/\/degritter.com\/wp-content\/uploads\/2022\/11\/IMG_0819-1148x498@2x.jpg 2296w\" sizes=\"auto, (max-width: 1148px) 100vw, 1148px\" \/><img loading=\"lazy\" decoding=\"async\" width=\"750\" height=\"1340\" src=\"https:\/\/degritter.com\/wp-content\/uploads\/2022\/11\/IMG_0819-750x1340.jpg\" class=\"attachment-hero-product-mobile-xxl size-hero-product-mobile-xxl\" alt=\"\" srcset=\"https:\/\/degritter.com\/wp-content\/uploads\/2022\/11\/IMG_0819-750x1340.jpg 750w, https:\/\/degritter.com\/wp-content\/uploads\/2022\/11\/IMG_0819-750x1340@2x.jpg 1500w\" sizes=\"auto, (max-width: 750px) 100vw, 750px\" \/><\/div><div class=\"element-hero__bg-stencils position-absolute stencil_style2\"><div class=\"el-inner position-absolute\"><svg xmlns=\"http:\/\/www.w3.org\/2000\/svg\" width=\"298.686\" height=\"298.686\" viewBox=\"0 0 298.686 298.686\"><g transform=\"translate(149.343) rotate(45)\" fill=\"none\" stroke=\"#d30926\" stroke-width=\"1\"><rect width=\"211.203\" height=\"211.203\" stroke=\"none\"\/><rect x=\"0.5\" y=\"0.5\" width=\"210.203\" height=\"210.203\" fill=\"none\"\/><\/g><\/svg><svg xmlns=\"http:\/\/www.w3.org\/2000\/svg\" width=\"480\" height=\"480\" viewBox=\"0 0 480 480\"><circle cx=\"239.5\" cy=\"239.5\" r=\"239.5\" transform=\"translate(0.5 0.5)\" fill=\"none\" stroke=\"#d30926\" stroke-miterlimit=\"10\" stroke-width=\"1\"\/><\/svg><\/div><\/div><div class=\"container d-flex flex-wrap align-items-end position-relative\" data-animate=\"T_FADE_UP\"><div class=\"hero-content\">\n\n<h1 class=\"wp-block-heading wp-el\">Dedique tiempo a experimentar<\/h1>\n\n<\/div><\/div><\/div>\n\n\n<h2 class=\"wp-block-heading has-giant-font-size wp-el\"><strong>El mejor limpiadiscos. Punto.<\/strong><\/h2>\n\n\n<div id=\"acf-block_69b5783b8d8ba\" class=\"acf-block-element element-custom-columns\"><div class=\"row row-grid\"><div class=\"col-12 col-xl-4 classic-editor\"><p>Degritter es el fabricante de los mejores limpiadiscos ultras\u00f3nicos del mundo. Nuestros productos est\u00e1n dise\u00f1ados para la sala de estar y es un placer interactuar con ellos. La funcionalidad, los resultados efectivos y el dise\u00f1o f\u00e1cil de usar han sido siempre la esencia de nuestro producto.<\/p>\n<\/div><div class=\"col-12 col-xl-4 offset-xl-1 classic-editor\"><p>Desde 2016, hemos dedicado innumerables horas a la investigaci\u00f3n, el desarrollo de productos y el dise\u00f1o de la m\u00e1quina limpiadiscos Degritter.<\/p>\n<\/div><\/div><\/div>\n\n<div id=\"acf-block_69b5783b8d8d1\" class=\"acf-block-element element-txtmedia\"><div class=\"row row-grid align-items-center\"><div class=\"col-12 col-content col-md-6 col-xl-5 offset-xl-1 order-md-1\"><div class=\"col-inner\">\n\n<h2 class=\"wp-block-heading has-giant-font-size wp-el\"><strong>El tiempo es oro, no lo malgaste lavando discos.<\/strong><\/h2>\n\n\n\n<p class=\"wp-el\">Queremos que recupere su tiempo para disfrutar de la vida y hacer realidad sus sue\u00f1os. Degritter es una m\u00e1quina limpiadiscos que permite pasar m\u00e1s tiempo escuchando discos en lugar de limpiarlos. Creemos que los esfuerzos en la vida deben ser del tipo 20\/80, donde el 20&nbsp;% del trabajo genera el 80&nbsp;% de la producci\u00f3n y a\u00fan mejor si las tareas tediosas se pueden automatizar con la ayuda de una m\u00e1quina inteligente.<\/p>\n\n<\/div><\/div><div class=\"col-12 col-media col-md-6 col-xl-6\"><div class=\"splide\" data-splide={\"type\":\"fade\",\"pagination\":false}><div class=\"splide__track\"><ul class=\"splide__list\"><li class=\"splide__slide\"><a href=\"https:\/\/degritter.com\/wp-content\/uploads\/2022\/11\/degritter_3_web-1280x1920.jpg\" data-fancybox=\"txtmedia-acf-block_69b5783b8d8d1\"><img loading=\"lazy\" decoding=\"async\" width=\"490\" height=\"654\" src=\"https:\/\/degritter.com\/wp-content\/uploads\/2022\/11\/degritter_3_web-490x654.jpg\" class=\"attachment-ama-txtmedia-portrait-w size-ama-txtmedia-portrait-w\" alt=\"\" srcset=\"https:\/\/degritter.com\/wp-content\/uploads\/2022\/11\/degritter_3_web-490x654.jpg 490w, https:\/\/degritter.com\/wp-content\/uploads\/2022\/11\/degritter_3_web-405x540.jpg 405w, https:\/\/degritter.com\/wp-content\/uploads\/2022\/11\/degritter_3_web-320x426.jpg 320w, https:\/\/degritter.com\/wp-content\/uploads\/2022\/11\/degritter_3_web-490x654@2x.jpg 980w, https:\/\/degritter.com\/wp-content\/uploads\/2022\/11\/degritter_3_web-405x540@2x.jpg 810w, https:\/\/degritter.com\/wp-content\/uploads\/2022\/11\/degritter_3_web-320x426@2x.jpg 640w\" sizes=\"auto, (max-width: 490px) 100vw, 490px\" \/><\/a><\/li><\/ul><\/div><div class=\"splide__arrows hide-arrows\"><button class=\"splide__arrow splide__arrow--prev\"><svg xmlns=\"http:\/\/www.w3.org\/2000\/svg\" width=\"31.472\" height=\"29.31\" viewBox=\"0 0 31.472 29.31\"><g transform=\"translate(51.472 29.31) rotate(180)\"><path d=\"M453.566,116.268a14.655,14.655,0,0,0-14.655,14.655\" transform=\"translate(-402.094 -101.613)\" fill=\"none\" stroke=\"currentColor\" stroke-miterlimit=\"10\" stroke-width=\"1.5\"\/><path d=\"M438.911,101.613a14.655,14.655,0,0,0,14.655,14.655\" transform=\"translate(-402.094 -101.613)\" fill=\"none\" stroke=\"currentColor\" stroke-miterlimit=\"10\" stroke-width=\"1.5\"\/><path d=\"M51.472,0H20\" transform=\"translate(0 14.655)\" fill=\"none\" stroke=\"currentColor\" stroke-width=\"1.5\"\/><\/g><\/svg><\/button><button class=\"splide__arrow splide__arrow--next\"><svg xmlns=\"http:\/\/www.w3.org\/2000\/svg\" width=\"31.472\" height=\"29.31\" viewBox=\"0 0 31.472 29.31\"><g transform=\"translate(-20)\"><path d=\"M453.566,116.268a14.655,14.655,0,0,0-14.655,14.655\" transform=\"translate(-402.094 -101.613)\" fill=\"none\" stroke=\"currentColor\" stroke-miterlimit=\"10\" stroke-width=\"1.5\"\/><path d=\"M438.911,101.613a14.655,14.655,0,0,0,14.655,14.655\" transform=\"translate(-402.094 -101.613)\" fill=\"none\" stroke=\"currentColor\" stroke-miterlimit=\"10\" stroke-width=\"1.5\"\/><path d=\"M51.472,0H20\" transform=\"translate(0 14.655)\" fill=\"none\" stroke=\"currentColor\" stroke-width=\"1.5\"\/><\/g><\/svg><\/button><\/div><\/div><\/div><\/div><\/div>\n\n<div id=\"acf-block_69b5783b8d8e4\" class=\"acf-block-element element-quotes element-center\"><div class=\"quotes-list\"><div class=\"quote-item\"><div class=\"quote-item__content\"><p class=\"fw-bold font-roadradio text-center\">CEO de Degritter<\/p><p class=\"fw-semibold has-giant-font-size text-center\">Uku P\u00fcttsepp<\/p><div class=\"classic-editor\"><p>Quiero que se tome el tiempo para experimentar la vida y cumplir sus sue\u00f1os. Degritter le da m\u00e1s tiempo para escuchar buena m\u00fasica en lugar de limpiar los discos.<\/p>\n<\/div><\/div><div class=\"quote-item__media\"><div class=\"quote-item__media-inner\"><img loading=\"lazy\" decoding=\"async\" width=\"269\" height=\"269\" src=\"https:\/\/degritter.com\/wp-content\/uploads\/2022\/11\/DSC09890-269x269.jpg\" class=\"attachment-ama-269 size-ama-269\" alt=\"\" srcset=\"https:\/\/degritter.com\/wp-content\/uploads\/2022\/11\/DSC09890-269x269.jpg 269w, https:\/\/degritter.com\/wp-content\/uploads\/2022\/11\/DSC09890-269x269@2x.jpg 538w\" sizes=\"auto, (max-width: 269px) 100vw, 269px\" \/><\/div><\/div><\/div><\/div><\/div>\n\n<div id=\"acf-block_69b5783b8e045\" class=\"acf-block-element element-txtmedia\"><div class=\"row row-grid align-items-center\"><div class=\"col-12 col-content col-md-6 col-xl-5\"><div class=\"col-inner\">\n\n<h2 class=\"wp-block-heading has-giant-font-size wp-el\"><strong>Est\u00e1ndares de la m\u00e1s alta calidad.<\/strong><\/h2>\n\n\n\n<p class=\"wp-el\">Degritter se destaca en el mercado no solo por la aplicaci\u00f3n de nuevos dise\u00f1os y tecnolog\u00edas, sino que tambi\u00e9n invertimos en la fabricaci\u00f3n sostenible y responsable. Nos abastecemos de tantos componentes como podemos a nivel local, todas las piezas met\u00e1licas de Degritter se han fabricado en Estonia. Incluso colocamos la electr\u00f3nica en Estonia. Por supuesto, montamos y probamos las m\u00e1quinas en nuestras instalaciones. Mantener un ciclo de producci\u00f3n reducido garantiza un control total de la calidad del producto final y nos permite reaccionar con rapidez a los cambios. La m\u00e1quina Degritter est\u00e1 dise\u00f1ada para ser modular y altamente reparable.<\/p>\n\n<\/div><\/div><div class=\"col-12 col-media col-md-6 col-xl-6 offset-xl-1\"><div class=\"splide\" data-splide={\"type\":\"fade\",\"pagination\":false}><div class=\"splide__track\"><ul class=\"splide__list\"><li class=\"splide__slide\"><a href=\"https:\/\/degritter.com\/wp-content\/uploads\/2026\/03\/DSC00369-1920x1280.jpg\" data-fancybox=\"txtmedia-acf-block_69b5783b8e045\"><img loading=\"lazy\" decoding=\"async\" width=\"490\" height=\"654\" src=\"https:\/\/degritter.com\/wp-content\/uploads\/2026\/03\/DSC00369-490x654.jpg\" class=\"attachment-ama-txtmedia-portrait-w size-ama-txtmedia-portrait-w\" alt=\"\" srcset=\"https:\/\/degritter.com\/wp-content\/uploads\/2026\/03\/DSC00369-490x654.jpg 490w, https:\/\/degritter.com\/wp-content\/uploads\/2026\/03\/DSC00369-405x540.jpg 405w, https:\/\/degritter.com\/wp-content\/uploads\/2026\/03\/DSC00369-320x426.jpg 320w, https:\/\/degritter.com\/wp-content\/uploads\/2026\/03\/DSC00369-490x654@2x.jpg 980w, https:\/\/degritter.com\/wp-content\/uploads\/2026\/03\/DSC00369-405x540@2x.jpg 810w, https:\/\/degritter.com\/wp-content\/uploads\/2026\/03\/DSC00369-320x426@2x.jpg 640w\" sizes=\"auto, (max-width: 490px) 100vw, 490px\" \/><\/a><\/li><\/ul><\/div><div class=\"splide__arrows hide-arrows\"><button class=\"splide__arrow splide__arrow--prev\"><svg xmlns=\"http:\/\/www.w3.org\/2000\/svg\" width=\"31.472\" height=\"29.31\" viewBox=\"0 0 31.472 29.31\"><g transform=\"translate(51.472 29.31) rotate(180)\"><path d=\"M453.566,116.268a14.655,14.655,0,0,0-14.655,14.655\" transform=\"translate(-402.094 -101.613)\" fill=\"none\" stroke=\"currentColor\" stroke-miterlimit=\"10\" stroke-width=\"1.5\"\/><path d=\"M438.911,101.613a14.655,14.655,0,0,0,14.655,14.655\" transform=\"translate(-402.094 -101.613)\" fill=\"none\" stroke=\"currentColor\" stroke-miterlimit=\"10\" stroke-width=\"1.5\"\/><path d=\"M51.472,0H20\" transform=\"translate(0 14.655)\" fill=\"none\" stroke=\"currentColor\" stroke-width=\"1.5\"\/><\/g><\/svg><\/button><button class=\"splide__arrow splide__arrow--next\"><svg xmlns=\"http:\/\/www.w3.org\/2000\/svg\" width=\"31.472\" height=\"29.31\" viewBox=\"0 0 31.472 29.31\"><g transform=\"translate(-20)\"><path d=\"M453.566,116.268a14.655,14.655,0,0,0-14.655,14.655\" transform=\"translate(-402.094 -101.613)\" fill=\"none\" stroke=\"currentColor\" stroke-miterlimit=\"10\" stroke-width=\"1.5\"\/><path d=\"M438.911,101.613a14.655,14.655,0,0,0,14.655,14.655\" transform=\"translate(-402.094 -101.613)\" fill=\"none\" stroke=\"currentColor\" stroke-miterlimit=\"10\" stroke-width=\"1.5\"\/><path d=\"M51.472,0H20\" transform=\"translate(0 14.655)\" fill=\"none\" stroke=\"currentColor\" stroke-width=\"1.5\"\/><\/g><\/svg><\/button><\/div><\/div><\/div><\/div><\/div>\n\n\n<h2 class=\"wp-block-heading has-giant-font-size wp-el\"><strong>Equipo peque\u00f1o, impacto global.<\/strong><\/h2>\n\n\n<div id=\"acf-block_69b5783b8e06e\" class=\"acf-block-element element-custom-columns\"><div class=\"row row-grid\"><div class=\"col-12 col-xl-4 classic-editor\"><p><span data-sheets-root=\"1\">Actualmente somos un equipo de 14 personas, con sede en Tartu, Estonia, Uni\u00f3n Europea. Operamos en unos 450 metros cuadrados, donde hemos reunido m\u00e1quinas para clientes de todo el mundo. Nuestro espacio cuenta con una sala de reuniones, una sala de control de calidad dedicada y un \u00e1rea de I+D.<\/span><\/p>\n<\/div><div class=\"col-12 col-xl-4 offset-xl-1 classic-editor\"><p><span data-sheets-root=\"1\">Ci piacciono le sfide complesse e investiamo nei nostri dipendenti. Abbiamo anche un programma kickstarter interno per la motivazione. Chiss\u00e0, forse proprio cos\u00ec nascer\u00e0 la prossima innovativa funzione Degritter o qualcosa di totalmente nuovo.<\/span><\/p>\n<\/div><\/div><\/div>\n\n<div id=\"acf-block_69b5783b8e084\" class=\"acf-block-element element-image img-1000x498\"><div class=\"position-relative\"><svg xmlns=\"http:\/\/www.w3.org\/2000\/svg\" width=\"298.686\" height=\"298.686\" viewBox=\"0 0 298.686 298.686\"><g transform=\"translate(93.686 -302.657)\"><g transform=\"translate(55.657 302.657) rotate(45)\" fill=\"none\" stroke=\"#d30926\" stroke-width=\"1\"><rect width=\"211.203\" height=\"211.203\" stroke=\"none\"\/><rect x=\"0.5\" y=\"0.5\" width=\"210.203\" height=\"210.203\" fill=\"none\"\/><\/g><\/g><\/svg><img loading=\"lazy\" decoding=\"async\" width=\"1000\" height=\"498\" src=\"https:\/\/degritter.com\/wp-content\/uploads\/fly-images\/6972\/DSC05828-1000x498-c.jpg\" class=\"attachment-1000x498\" alt=\"DSC05828\" \/><\/div><\/div>","protected":false},"excerpt":{"rendered":"<p>El mejor limpiadiscos. Punto. Equipo peque\u00f1o, impacto global.<\/p>\n","protected":false},"author":1,"featured_media":6972,"parent":0,"menu_order":20,"comment_status":"closed","ping_status":"closed","template":"","meta":{"_acf_changed":false,"inline_featured_image":false,"footnotes":""},"class_list":["post-3250","page","type-page","status-publish","has-post-thumbnail","hentry"],"acf":[],"_links":{"self":[{"href":"https:\/\/degritter.com\/es\/wp-json\/wp\/v2\/pages\/3250","targetHints":{"allow":["GET"]}}],"collection":[{"href":"https:\/\/degritter.com\/es\/wp-json\/wp\/v2\/pages"}],"about":[{"href":"https:\/\/degritter.com\/es\/wp-json\/wp\/v2\/types\/page"}],"author":[{"embeddable":true,"href":"https:\/\/degritter.com\/es\/wp-json\/wp\/v2\/users\/1"}],"replies":[{"embeddable":true,"href":"https:\/\/degritter.com\/es\/wp-json\/wp\/v2\/comments?post=3250"}],"version-history":[{"count":5,"href":"https:\/\/degritter.com\/es\/wp-json\/wp\/v2\/pages\/3250\/revisions"}],"predecessor-version":[{"id":8050,"href":"https:\/\/degritter.com\/es\/wp-json\/wp\/v2\/pages\/3250\/revisions\/8050"}],"wp:featuredmedia":[{"embeddable":true,"href":"https:\/\/degritter.com\/es\/wp-json\/wp\/v2\/media\/6972"}],"wp:attachment":[{"href":"https:\/\/degritter.com\/es\/wp-json\/wp\/v2\/media?parent=3250"}],"curies":[{"name":"wp","href":"https:\/\/api.w.org\/{rel}","templated":true}]}}