{"id":6559,"date":"2022-05-29T08:42:34","date_gmt":"2022-05-29T08:42:34","guid":{"rendered":"https:\/\/degritter.com\/product\/reinigungsfluessigkeit-ii-100ml\/"},"modified":"2022-05-29T08:42:34","modified_gmt":"2022-05-29T08:42:34","slug":"reinigungsfluessigkeit-ii-100ml","status":"publish","type":"product","link":"https:\/\/degritter.com\/de\/produkt\/reinigungsfluessigkeit-ii-100ml\/","title":{"rendered":"Reinigungsfl\u00fcssigkeit II 100ml"},"content":{"rendered":"<p>100 ml Reinigungsfl\u00fcssigkeit, die zur Verbesserung der Wirksamkeit der Degritter-Schallplattenwaschmaschine verwendet werden kann.<\/p>\n<p>1\u20132 ml Fl\u00fcssigkeit k\u00f6nnen pro Wassertank hinzugef\u00fcgt werden.<\/p>\n","protected":false},"excerpt":{"rendered":"<p>100 ml Reinigungsfl\u00fcssigkeit, die zur Verbesserung der Wirksamkeit der Degritter-Schallplattenwaschmaschine verwendet werden kann. 1\u20132 ml Fl\u00fcssigkeit k\u00f6nnen pro Wassertank hinzugef\u00fcgt&#8230;<\/p>\n","protected":false},"featured_media":3042,"template":"","meta":{"_acf_changed":false,"inline_featured_image":false},"product_brand":[],"product_cat":[292],"product_tag":[],"class_list":{"0":"post-6559","1":"product","2":"type-product","3":"status-publish","4":"has-post-thumbnail","6":"product_cat-zubehor","7":"product_shipping_class-filter-und-flussigkeit","9":"first","10":"instock","11":"shipping-taxable","12":"purchasable","13":"product-type-simple"},"acf":[],"_links":{"self":[{"href":"https:\/\/degritter.com\/de\/wp-json\/wp\/v2\/product\/6559","targetHints":{"allow":["GET"]}}],"collection":[{"href":"https:\/\/degritter.com\/de\/wp-json\/wp\/v2\/product"}],"about":[{"href":"https:\/\/degritter.com\/de\/wp-json\/wp\/v2\/types\/product"}],"wp:featuredmedia":[{"embeddable":true,"href":"https:\/\/degritter.com\/de\/wp-json\/wp\/v2\/media\/3042"}],"wp:attachment":[{"href":"https:\/\/degritter.com\/de\/wp-json\/wp\/v2\/media?parent=6559"}],"wp:term":[{"taxonomy":"product_brand","embeddable":true,"href":"https:\/\/degritter.com\/de\/wp-json\/wp\/v2\/product_brand?post=6559"},{"taxonomy":"product_cat","embeddable":true,"href":"https:\/\/degritter.com\/de\/wp-json\/wp\/v2\/product_cat?post=6559"},{"taxonomy":"product_tag","embeddable":true,"href":"https:\/\/degritter.com\/de\/wp-json\/wp\/v2\/product_tag?post=6559"}],"curies":[{"name":"wp","href":"https:\/\/api.w.org\/{rel}","templated":true}]}}