{"id":6527,"date":"2022-05-29T08:42:34","date_gmt":"2022-05-29T08:42:34","guid":{"rendered":"https:\/\/degritter.com\/product\/degritter-mark-ii\/"},"modified":"2025-04-11T13:48:12","modified_gmt":"2025-04-11T13:48:12","slug":"degritter-mark-ii","status":"publish","type":"product","link":"https:\/\/degritter.com\/de\/produkt\/degritter-mark-ii\/","title":{"rendered":"Degritter Mark II"},"content":{"rendered":"<h2>Ultraschall-Reinigungsarchitektur<\/h2>\n<h3>4-WANDLER-ANORDNUNG<\/h3>\n<p>Der Degritter arbeitet vollautomatisch und erfordert nach dem Start des Reinigungsgangs keinen zus\u00e4tzlichen Aufwand. Nutzen Sie die freie Zeit, um sich Schallplatten anzuh\u00f6ren, anstatt sie zu putzen. <\/p>\n<h3>Power Drive\u2122 2.0<\/h3>\n<p><strong>Impulsmodus<\/strong><\/p>\n<p>Der Power Drive 2.0-Ultraschallgenerator bietet einen Impuls-Reinigungsmodus. Die Ultraschallwandler schalten sich bei hoher Leistung schnell ein und aus, um ein Pulsieren zu erzeugen. Dies f\u00fchrt zu verst\u00e4rkter Kavitation im Wasser, h\u00e4lt aber den durchschnittlichen Stromverbrauch niedrig.  <\/p>\n<p><strong>Frequenz-Sweep<\/strong><\/p>\n<p>Die Antriebsfrequenz des Power DriveTM-Ultraschallgenerators bewegt sich zwischen 120 kHz und 125 kHz. Dadurch wird die Kavitationsenergie gleichm\u00e4\u00dfig im Wasser verteilt, was die Verluste minimiert und eine gleichm\u00e4\u00dfige Reinigungswirkung gew\u00e4hrleistet. <\/p>\n<p><strong>300 Watts<\/strong><\/p>\n<p>Die durchschnittliche Leistung aller Waschprogramme betr\u00e4gt 300 W. Damit ist der Degritter der leistungsst\u00e4rkste Ultraschall-Schallplattenreiniger auf dem Markt pro Liter Wasser. Durch die erh\u00f6hte Antriebsfrequenz von 120 kHz bleiben Ihre Schallplatten gesch\u00fctzt. <\/p>\n<h2>INTELLIGENTE FUNKTIONEN<\/h2>\n<h3>AKTIVE FILTERUNG<\/h3>\n<p>Das Reinigungswasser wird beim Waschen durch einen austauschbaren Filter gepumpt. Die kontinuierliche Filterung verhindert, dass sich der entfernte Schmutz wieder auf den Schallplatten absetzt. <\/p>\n<h3>TEMPERATURKONTROLLE ZUR SICHERHEIT DER SCHALLPLATTEN<\/h3>\n<p>Der Degritter \u00fcberwacht die Wassertemperatur und verhindert, dass diese auf ein f\u00fcr Schallplatten sch\u00e4dliches Niveau ansteigt. Hohe Temperaturen werden durch automatische K\u00fchlzyklen gesenkt. <\/p>\n<h3>INTELLIGENTES TROCKNEN<\/h3>\n<p>Die Schallplatten werden durch einen Strom gefilterter Luft getrocknet. Sowohl die Trocknungszeit als auch die Gebl\u00e4sedrehzahl k\u00f6nnen eingestellt werden, um den Ger\u00e4uschpegel zu reduzieren und den Aufbau statischer Elektrizit\u00e4t zu verhindern. <\/p>\n<h3>OPTIONALER KLARSP\u00dcLGANG NACH DEM WASCHEN<\/h3>\n<p>Der Degritter unterst\u00fctzt das Klarsp\u00fclen von Schallplatten w\u00e4hrend der Waschg\u00e4nge mithilfe eines separaten Wassertanks.<\/p>\n<h2>F\u00fcr Sie entworfen<\/h2>\n<h3>UNVERKENNBAR AUTOMATISCH<\/h3>\n<p>Der Degritter arbeitet vollautomatisch und erfordert nach dem Start des Reinigungsgangs keinen zus\u00e4tzlichen Aufwand. Nutzen Sie die freie Zeit, um sich Schallplatten anzuh\u00f6ren, anstatt sie zu putzen. <\/p>\n<h3>EINFACHES WASSERMANAGEMENT<\/h3>\n<p>Das Ger\u00e4t verf\u00fcgt \u00fcber einen praktischen abnehmbaren Wassertank zum Nachf\u00fcllen von Reinigungswasser.<\/p>\n<h3>PERFEKTE TOUCH-KN\u00d6PFE<\/h3>\n<p>Wir haben die Haptik und die Funktion der Kn\u00f6pfe des Ger\u00e4ts perfektioniert. Das Drehen und Pressen sorgt f\u00fcr ein h\u00f6chst befriedigendes Gef\u00fchl, das Sie nicht mehr loslassen wird. <\/p>\n","protected":false},"excerpt":{"rendered":"<p class=\"wp-el\">Der MARK II Degritter bietet eine hochentwickelte Ultraschallreinigung und intelligente Funktionen f\u00fcr eine bequemere Nutzung.<\/p>\n<p class=\"wp-el\"><strong>Neue Eigenschaften:<br \/>\n<\/strong><strong>Ultrasonic Power Drive 2.0 <\/strong>\u2013 st\u00e4rker, aber sicher f\u00fcr die Schallplatte<\/p>\n<p class=\"wp-el\"><strong>Reinigung im Impulsmodus<\/strong>\u2013 bessere Reinigungswirkung, geringer Stromverbrauch<\/p>\n<p class=\"wp-el\"><strong>Elegantes Au\u00dfendesign<\/strong> \u2013 gem\u00e4\u00df unserem hohen Designanspruch<\/p>\n","protected":false},"featured_media":7089,"template":"","meta":{"_acf_changed":false,"inline_featured_image":false},"product_brand":[],"product_cat":[293],"product_tag":[],"class_list":{"0":"post-6527","1":"product","2":"type-product","3":"status-publish","4":"has-post-thumbnail","6":"product_cat-gerate","7":"product_shipping_class-degritter-rcm-de","9":"first","10":"onbackorder","11":"shipping-taxable","12":"purchasable","13":"product-type-variable","14":"has-default-attributes"},"acf":[],"_links":{"self":[{"href":"https:\/\/degritter.com\/de\/wp-json\/wp\/v2\/product\/6527","targetHints":{"allow":["GET"]}}],"collection":[{"href":"https:\/\/degritter.com\/de\/wp-json\/wp\/v2\/product"}],"about":[{"href":"https:\/\/degritter.com\/de\/wp-json\/wp\/v2\/types\/product"}],"wp:featuredmedia":[{"embeddable":true,"href":"https:\/\/degritter.com\/de\/wp-json\/wp\/v2\/media\/7089"}],"wp:attachment":[{"href":"https:\/\/degritter.com\/de\/wp-json\/wp\/v2\/media?parent=6527"}],"wp:term":[{"taxonomy":"product_brand","embeddable":true,"href":"https:\/\/degritter.com\/de\/wp-json\/wp\/v2\/product_brand?post=6527"},{"taxonomy":"product_cat","embeddable":true,"href":"https:\/\/degritter.com\/de\/wp-json\/wp\/v2\/product_cat?post=6527"},{"taxonomy":"product_tag","embeddable":true,"href":"https:\/\/degritter.com\/de\/wp-json\/wp\/v2\/product_tag?post=6527"}],"curies":[{"name":"wp","href":"https:\/\/api.w.org\/{rel}","templated":true}]}}