{"id":6494,"date":"2022-05-29T08:42:33","date_gmt":"2022-05-29T08:42:33","guid":{"rendered":"https:\/\/degritter.com\/product\/externer-wassertank\/"},"modified":"2022-05-29T08:42:33","modified_gmt":"2022-05-29T08:42:33","slug":"externer-wassertank","status":"publish","type":"product","link":"https:\/\/degritter.com\/de\/produkt\/externer-wassertank\/","title":{"rendered":"Externer Wassertank"},"content":{"rendered":"<p>Degritter unterst\u00fctzt das Sp\u00fclen von Schallplatten w\u00e4hrend der Waschzyklen mit Hilfe eines separaten Wassertanks.<\/p>\n<p>Zwei Wassertanks k\u00f6nnen auch verwendet werden, um Schallplatten zeiteffizient zu reinigen \u2013 wenn sich das Wasser in einem Tank nach der Reinigung erw\u00e4rmt, kann ein anderer mit k\u00fchlerem Wasser eingesetzt werden, w\u00e4hrend der erste abk\u00fchlt.<\/p>\n","protected":false},"excerpt":{"rendered":"<p>Zus\u00e4tzlicher externer Wassertank mit Deckel, der zum schnellen Austausch des Wassers in der Degritter-Reinigungsmaschine verwendet werden kann.<\/p>\n","protected":false},"featured_media":6495,"template":"","meta":{"_acf_changed":false,"inline_featured_image":false},"product_brand":[],"product_cat":[292],"product_tag":[],"class_list":{"0":"post-6494","1":"product","2":"type-product","3":"status-publish","4":"has-post-thumbnail","6":"product_cat-zubehor","7":"product_shipping_class-wassertank","9":"first","10":"instock","11":"shipping-taxable","12":"purchasable","13":"product-type-simple"},"acf":[],"_links":{"self":[{"href":"https:\/\/degritter.com\/de\/wp-json\/wp\/v2\/product\/6494","targetHints":{"allow":["GET"]}}],"collection":[{"href":"https:\/\/degritter.com\/de\/wp-json\/wp\/v2\/product"}],"about":[{"href":"https:\/\/degritter.com\/de\/wp-json\/wp\/v2\/types\/product"}],"wp:featuredmedia":[{"embeddable":true,"href":"https:\/\/degritter.com\/de\/wp-json\/wp\/v2\/media\/6495"}],"wp:attachment":[{"href":"https:\/\/degritter.com\/de\/wp-json\/wp\/v2\/media?parent=6494"}],"wp:term":[{"taxonomy":"product_brand","embeddable":true,"href":"https:\/\/degritter.com\/de\/wp-json\/wp\/v2\/product_brand?post=6494"},{"taxonomy":"product_cat","embeddable":true,"href":"https:\/\/degritter.com\/de\/wp-json\/wp\/v2\/product_cat?post=6494"},{"taxonomy":"product_tag","embeddable":true,"href":"https:\/\/degritter.com\/de\/wp-json\/wp\/v2\/product_tag?post=6494"}],"curies":[{"name":"wp","href":"https:\/\/api.w.org\/{rel}","templated":true}]}}