{"id":2414,"date":"2023-10-30T10:51:40","date_gmt":"2023-10-30T10:51:40","guid":{"rendered":"https:\/\/degritter.com\/?page_id=2414"},"modified":"2025-12-11T14:41:15","modified_gmt":"2025-12-11T14:41:15","slug":"home-germ","status":"publish","type":"page","link":"https:\/\/degritter.com\/de\/","title":{"rendered":"Home"},"content":{"rendered":"<div id=\"acf-block_693ad808f20ae\" class=\"acf-block-element element-hero alignmax position-relative has-scrolldown\"><div class=\"element-hero__bg position-absolute has-overlay-o\"><img loading=\"lazy\" decoding=\"async\" width=\"1148\" height=\"498\" src=\"https:\/\/degritter.com\/wp-content\/uploads\/2025\/12\/Frame-892.png\" class=\"attachment-hero-xxl size-hero-xxl\" alt=\"\" srcset=\"https:\/\/degritter.com\/wp-content\/uploads\/2025\/12\/Frame-892.png 1148w, https:\/\/degritter.com\/wp-content\/uploads\/2025\/12\/Frame-892-470x204.png 470w, https:\/\/degritter.com\/wp-content\/uploads\/2025\/12\/Frame-892-980x425.png 980w, https:\/\/degritter.com\/wp-content\/uploads\/2025\/12\/Frame-892-810x351.png 810w\" sizes=\"auto, (max-width: 1148px) 100vw, 1148px\" \/><img loading=\"lazy\" decoding=\"async\" width=\"750\" height=\"498\" src=\"https:\/\/degritter.com\/wp-content\/uploads\/2025\/12\/Frame-892-750x498.png\" class=\"attachment-hero-product-mobile-xxl size-hero-product-mobile-xxl\" alt=\"\" \/><\/div><div class=\"element-hero__bg-stencils position-absolute stencil_style1\"><div class=\"el-inner position-absolute\"><svg xmlns=\"http:\/\/www.w3.org\/2000\/svg\" xmlns:xlink=\"http:\/\/www.w3.org\/1999\/xlink\" width=\"309.944\" height=\"309.944\" viewBox=\"0 0 309.944 309.944\"><g transform=\"translate(104.443 -176.027)\"><circle cx=\"154.472\" cy=\"154.472\" r=\"154.472\" transform=\"translate(-103.943 176.527)\" fill=\"none\" stroke=\"#d30926\" stroke-miterlimit=\"10\" stroke-width=\"1\"\/><\/g><\/svg><svg xmlns=\"http:\/\/www.w3.org\/2000\/svg\" xmlns:xlink=\"http:\/\/www.w3.org\/1999\/xlink\" width=\"675.944\" height=\"675.944\" viewBox=\"0 0 675.944 675.944\"><g transform=\"translate(-904.5 -213.027)\"><circle cx=\"337.472\" cy=\"337.472\" r=\"337.472\" transform=\"translate(905 213.527)\" fill=\"none\" stroke=\"#d30926\" stroke-miterlimit=\"10\" stroke-width=\"1\"\/><\/g><\/svg><\/div><\/div><div class=\"container d-flex flex-wrap align-items-end position-relative\" data-animate=\"T_FADE_UP\"><div class=\"hero-content\">\n\n<h1 class=\"wp-block-heading wp-el\">Nehmen Sie sich Zeit zum Erleben<\/h1>\n\n<\/div><a href=\"https:\/\/degritter.com\/de\/dealers\/\" class=\"hero-btn position-absolute text-uppercase font-roadradio d-flex flex-wrap\" target=\"\"><span class=\"align-self-center\">H\u00e4ndler finden<\/span><span class=\"animated-arrow\"><svg xmlns=\"http:\/\/www.w3.org\/2000\/svg\" width=\"51.473\" height=\"29.31\" viewBox=\"0 0 51.473 29.31\"><g transform=\"translate(-402.094 -101.613)\"><path d=\"M453.566,116.268a14.655,14.655,0,0,0-14.655,14.655\" fill=\"none\" stroke=\"currentColor\" stroke-miterlimit=\"10\" stroke-width=\"1.5\"\/><path d=\"M438.911,101.613a14.655,14.655,0,0,0,14.655,14.655\" fill=\"none\" stroke=\"currentColor\" stroke-miterlimit=\"10\" stroke-width=\"1.5\"\/><line x1=\"51.472\" transform=\"translate(402.094 116.268)\" fill=\"none\" stroke=\"currentColor\" stroke-miterlimit=\"10\" stroke-width=\"1.5\"\/><\/g><\/svg><svg xmlns=\"http:\/\/www.w3.org\/2000\/svg\" width=\"51.473\" height=\"29.31\" viewBox=\"0 0 51.473 29.31\"><g transform=\"translate(-402.094 -101.613)\"><path d=\"M453.566,116.268a14.655,14.655,0,0,0-14.655,14.655\" fill=\"none\" stroke=\"currentColor\" stroke-miterlimit=\"10\" stroke-width=\"1.5\"\/><path d=\"M438.911,101.613a14.655,14.655,0,0,0,14.655,14.655\" fill=\"none\" stroke=\"currentColor\" stroke-miterlimit=\"10\" stroke-width=\"1.5\"\/><line x1=\"51.472\" transform=\"translate(402.094 116.268)\" fill=\"none\" stroke=\"currentColor\" stroke-miterlimit=\"10\" stroke-width=\"1.5\"\/><\/g><\/svg><\/span><\/a><\/div><p class=\"element-hero__scrolldown font-roadradio text-uppercase fw-bold text-center position-absolute start-50 bottom-0 translate-middle-x\">Runterscrollen<\/p><\/div>\n\n<p><!-- Start cookieyes banner --> <script id=\"cookieyes\" type=\"text\/javascript\" src=\"https:\/\/cdn-cookieyes.com\/client_data\/a8c0d7dbd5ab34539f4a8938\/script.js\"><\/script> <!-- End cookieyes banner --><\/p>\n\n<div id=\"acf-block_693ad808f210b\" class=\"acf-block-element element-video\"><div class=\"row\"><div class=\"col-12 is-style-alt\"><div class=\"ama-custom__video\"><video class=\"hover-play-video\" muted playsinline controls><source src=\"https:\/\/degritter.com\/wp-content\/uploads\/2025\/12\/Koduka-Hero-Video.mov\" type=\"video\/mp4\"><\/video><\/div><\/div><div class=\"col-12\"><h2 class=\"wp-el has-giant-font-size\">Degritter<\/h2><div class=\"video__content\"><div class=\"classic-editor\"><p>Degritter ist die weltweit beste Ultraschall-Schallplattenreiniger mit cleveren Funktionen und beispielloser Benutzerfreundlichkeit.<\/p>\n<\/div><div class=\"classic-editor\"><p>Seine Ultraschall-Reinigungstechnologie entfernt Schmutz und Staub aus den Rillen der Schallplatte und verbessert so die Klangqualit\u00e4t.<\/p>\n<\/div><\/div><\/div><\/div><div class=\"el-stencil position-absolute\"><svg xmlns=\"http:\/\/www.w3.org\/2000\/svg\" width=\"201\" height=\"101\" viewBox=\"0 0 201 101\"><path d=\"M1648.557,833.788a100,100,0,0,1-100,100v-85.67a14.33,14.33,0,0,0,0-28.66v-85.67A100,100,0,0,1,1648.557,833.788Z\" transform=\"translate(-733.288 1649.057) rotate(-90)\" fill=\"none\" stroke=\"#d30926\" stroke-miterlimit=\"10\" stroke-width=\"1\"\/><\/svg><\/div><\/div>\n\n<div id=\"acf-block_693ad808f2168\" class=\"acf-block-element element-txtmedia-advanced has-bgcolor alignmax\"><div class=\"container is-double\"><div class=\"double-item is-style-wide\"><div class=\"item__media\"><div class=\"ama-custom__video\"><video class=\"hover-play-video\" muted playsinline controls><source src=\"https:\/\/degritter.com\/wp-content\/uploads\/2024\/01\/Degritter-Fully-Automatic-v1_1.mp4\" type=\"video\/mp4\"><\/video><\/div><\/div><div class=\"item__content\"><h2 class=\"wp-el has-giant-font-size\">Vollautomatisch <\/h2><div class=\"classic-editor\"><p>Mit einem einzigen Knopfdruck weicht der Degritter Ihre Schallplatte ein, reinigt und trocknet sie. Mit vier verschiedenen Waschzyklen, einer individuell einstellbaren Trockenzeit und der M\u00f6glichkeit zum Einweichen und Sp\u00fclen ist der Degritter einfach zu bedienen und bequem zu handhaben.<\/p>\n<\/div><\/div><\/div><div class=\"double-item is-style-narrow\"><div class=\"item__media\"><div class=\"ama-custom__video\"><video class=\"hover-play-video\" muted playsinline controls><source src=\"https:\/\/degritter.com\/wp-content\/uploads\/2024\/01\/Degritter-Watertank_v1_1.mp4\" type=\"video\/mp4\"><\/video><\/div><\/div><div class=\"item__content\"><h2 class=\"wp-el has-giant-font-size\">Abnehmbarer Wassertank<\/h2><div class=\"classic-editor\"><p>Der abnehmbare Wassertank von Degritter l\u00e4sst sich leicht bef\u00fcllen und entleeren, ohne dass Chaos um Ihre Schallplatten herum entsteht. <\/p>\n<\/div><\/div><\/div><div class=\"el-stencil position-absolute stencil-v-top stencil-h-right stencil1\"><svg xmlns=\"http:\/\/www.w3.org\/2000\/svg\" width=\"480\" height=\"480\" viewBox=\"0 0 480 480\"><circle cx=\"239.5\" cy=\"239.5\" r=\"239.5\" transform=\"translate(0.5 0.5)\" fill=\"none\" stroke=\"#d30926\" stroke-miterlimit=\"10\" stroke-width=\"1\"\/><\/svg><\/div><\/div><div class=\"container is-singular\"><div class=\"item__media\"><div class=\"ama-custom__video\"><video class=\"hover-play-video\" muted playsinline controls><source src=\"https:\/\/degritter.com\/wp-content\/uploads\/2024\/01\/Degritter-Ultrasonic-Cleaning-plokk-v1_1.mp4\" type=\"video\/mp4\"><\/video><\/div><\/div><div class=\"item__content\"><h2 class=\"wp-el has-giant-font-size\">Ultraschallreinigung<\/h2><div class=\"classic-editor\"><p>Die Ultraschallreinigung von Degritter s\u00e4ubert jeden noch so kleinen Spalt, der von mechanischen Reinigungsmethoden nicht erreicht wird.<\/p>\n<p>V\u00f6llig kontaktlose Reinigung, da nichts im Ger\u00e4teinneren die Schallplatte ber\u00fchrt.<\/p>\n<\/div><div class=\"classic-editor\"><p>Zwei Ultraschallwandler an den Seiten senden 120-kHz-Schwingungen mit gleichm\u00e4\u00dfiger Reinigungskraft \u00fcber die Oberfl\u00e4che der Schallplatten aus.<\/p>\n<p>Der Degritter ist der leistungsst\u00e4rkste Ultraschall-Schallplattenreiniger auf dem Markt pro Liter Wasser. <\/p>\n<\/div><\/div><div class=\"el-stencil position-absolute stencil-v-center stencil-h-left stencil1\"><svg xmlns=\"http:\/\/www.w3.org\/2000\/svg\" width=\"480\" height=\"480\" viewBox=\"0 0 480 480\"><circle cx=\"239.5\" cy=\"239.5\" r=\"239.5\" transform=\"translate(0.5 0.5)\" fill=\"none\" stroke=\"#d30926\" stroke-miterlimit=\"10\" stroke-width=\"1\"\/><\/svg><\/div><\/div><div class=\"container is-double is-reveresed\"><div class=\"double-item is-style-wide\"><div class=\"item__media\"><div class=\"ama-custom__video\"><video class=\"hover-play-video\" muted playsinline controls><source src=\"https:\/\/degritter.com\/wp-content\/uploads\/2024\/02\/Degritter-Two-tank-rinse-2.mp4\" type=\"video\/mp4\"><\/video><\/div><\/div><div class=\"item__content\"><h2 class=\"wp-el has-giant-font-size\">Zwei-Tank-Sp\u00fclfunktion<\/h2><div class=\"classic-editor\"><p>&#8222;Der Degritter kann mit zwei Tanks* verwendet werden, in denen das Wasser der Reinigungsl\u00f6sung und das saubere Sp\u00fclwasser getrennt gespeichert werden. Das Ger\u00e4t weist Sie darauf hin, wann welcher Tank zu verwenden ist.<\/p>\n<p>*zweiter Tank separat erh\u00e4ltlich&#8220;<\/p>\n<\/div><\/div><\/div><div class=\"double-item is-style-narrow\"><div class=\"item__media\"><div class=\"ama-custom__video\"><video class=\"hover-play-video\" muted playsinline controls><source src=\"https:\/\/degritter.com\/wp-content\/uploads\/2024\/01\/Degritter-Filter-v1_1.mp4\" type=\"video\/mp4\"><\/video><\/div><\/div><div class=\"item__content\"><h2 class=\"wp-el has-giant-font-size\">Filtersystem<\/h2><div class=\"classic-editor\"><p>Das Reinigungswasser wird durch einen austauschbaren Filter gepumpt, damit sich kein Schmutz auf den Schallplatten absetzt.<\/p>\n<\/div><\/div><\/div><div class=\"el-stencil position-absolute stencil-v-top stencil-h-right stencil2\"><svg xmlns=\"http:\/\/www.w3.org\/2000\/svg\" width=\"101\" height=\"201\" viewBox=\"0 0 101 201\"><path d=\"M1648.557,833.788a100,100,0,0,1-100,100v-85.67a14.33,14.33,0,0,0,0-28.66v-85.67A100,100,0,0,1,1648.557,833.788Z\" transform=\"translate(1649.057 934.288) rotate(180)\" fill=\"none\" stroke=\"#d30926\" stroke-miterlimit=\"10\" stroke-width=\"1\"\/><\/svg><\/div><\/div><\/div>\n\n<div id=\"acf-block_693ad808f218e\" class=\"acf-block-element element-feedbacks element-right\"><div class=\"splide\" data-splide={\"arrows\":false}><div class=\"splide__track\"><ul class=\"splide__list\"><li class=\"splide__slide\"><div class=\"feedback-item\"><div class=\"feedback-item__content\"><p class=\"fw-bold font-roadradio text-center\">By Alex Halberstadt<\/p><p class=\"fw-semibold has-giant-font-size text-center\">Stereophile<\/p><div class=\"feedback-item__editor\"><div class=\"classic-editor\"><p>If you haven&#8217;t experienced this ultrasonic effect, think about what happens to a centuries-old oil painting when it is being cleaned. Using a solvent, a conservator removes the top layer of varnish along with decades of dirt as well as smoke and other air pollutants, exposing the original paint. A conserved painting looks more detailed but also brighter and more colorful. <\/p>\n<\/div><\/div><\/div><div class=\"feedback-item__media d-flex flex-wrap align-items-center justify-content-center\"><img loading=\"lazy\" decoding=\"async\" width=\"269\" height=\"208\" src=\"https:\/\/degritter.com\/wp-content\/uploads\/fly-images\/5924\/POTY2024_Accessory-269x269.jpg\" class=\"attachment-269x269\" alt=\"POTY2024_Accessory\" \/><\/div><\/div><\/li><li class=\"splide__slide\"><div class=\"feedback-item\"><div class=\"feedback-item__content\"><p class=\"fw-bold font-roadradio text-center\">By Volker Frech<\/p><p class=\"fw-semibold has-giant-font-size text-center\">Lite Magazin<\/p><div class=\"feedback-item__editor\"><div class=\"classic-editor\"><p>Wir haben die gleich oft geh\u00f6rten und gleicherma\u00dfen staubbehafteten Platten 1 und 2 vor und nach der Reinigung angeh\u00f6rt: Beide sind nachher drastisch und \u00fcberaus wohltuend knister-, knack- und rausch\u00e4rmer.<\/p>\n<\/div><\/div><\/div><div class=\"feedback-item__media d-flex flex-wrap align-items-center justify-content-center\"><img loading=\"lazy\" decoding=\"async\" width=\"269\" height=\"190\" src=\"https:\/\/degritter.com\/wp-content\/uploads\/fly-images\/5875\/2412103.Degritter-Testsiegel-269x269.jpg\" class=\"attachment-269x269\" alt=\"2412103.Degritter-Testsiegel\" \/><\/div><\/div><\/li><li class=\"splide__slide\"><div class=\"feedback-item\"><div class=\"feedback-item__content\"><p class=\"fw-bold font-roadradio text-center\">By Anthony Kershaw<\/p><p class=\"fw-semibold has-giant-font-size text-center\">Audiophilia<\/p><div class=\"feedback-item__editor\"><div class=\"classic-editor\"><p>What the Degritter MARK II did to this record was nothing less than miraculous. Truly jaw-dropping. <\/p>\n<p>Not only was every click and pop gone, but the dynamics and the soundstage of the record were improved. Impossible, right? That\u2019s what I thought. But no, after living with this record for a long time with many, many plays, the major differences were there<\/p>\n<\/div><\/div><\/div><div class=\"feedback-item__media d-flex flex-wrap align-items-center justify-content-center\"><img loading=\"lazy\" decoding=\"async\" width=\"269\" height=\"269\" src=\"https:\/\/degritter.com\/wp-content\/uploads\/fly-images\/5868\/REVIEWSTAR-269x269.jpg\" class=\"attachment-269x269\" alt=\"REVIEW+STAR\" \/><\/div><\/div><\/li><li class=\"splide__slide\"><div class=\"feedback-item\"><div class=\"feedback-item__content\"><p class=\"fw-bold font-roadradio text-center\">by Paul Rigby<\/p><p class=\"fw-semibold has-giant-font-size text-center\">The Audiophile Man<\/p><div class=\"feedback-item__editor\"><div class=\"classic-editor\"><p>This Mark II is stunning. Absolutely stunning. I was completely surprised at the improvements because I really didn\u2019t believe the Mk.I could be improved and by an appreciable much.<\/p>\n<\/div><\/div><\/div><div class=\"feedback-item__media d-flex flex-wrap align-items-center justify-content-center\"><img loading=\"lazy\" decoding=\"async\" width=\"183\" height=\"269\" src=\"https:\/\/degritter.com\/wp-content\/uploads\/fly-images\/5847\/Screen-Shot-2016-06-10-at-12.00.48-2-269x269.jpg\" class=\"attachment-269x269\" alt=\"Screen-Shot-2016-06-10-at-12.00.48-2\" \/><\/div><\/div><\/li><li class=\"splide__slide\"><div class=\"feedback-item\"><div class=\"feedback-item__content\"><p class=\"fw-semibold has-giant-font-size text-center\">Tannoyista<\/p><div class=\"feedback-item__editor\"><div class=\"classic-editor\"><p>It doesn&#8217;t matter if you\u2019re a fully-fledged vinyl nut, if you&#8217;re just getting into vinyl, have a small or large collection or are returning to vinyl after a long hiatus, the Degritter Mk-II is a necessity. In the world of Hi-Fi, you can spend an awful lot more on tweaks, which, in the end, won\u2019t give you anything like as much pleasure<\/p>\n<\/div><\/div><\/div><div class=\"feedback-item__media d-flex flex-wrap align-items-center justify-content-center\"><img loading=\"lazy\" decoding=\"async\" width=\"269\" height=\"194\" src=\"https:\/\/degritter.com\/wp-content\/uploads\/fly-images\/5861\/Tannoyista_title_logo_sml-269x269.png\" class=\"attachment-269x269\" alt=\"Tannoyista_title_logo_sml\" \/><\/div><\/div><\/li><li class=\"splide__slide\"><div class=\"feedback-item\"><div class=\"feedback-item__content\"><p class=\"fw-bold font-roadradio text-center\">By Robert Mulligan<\/p><p class=\"fw-semibold has-giant-font-size text-center\">Vinyle &#038; Audio<\/p><div class=\"feedback-item__editor\"><div class=\"classic-editor\"><p>Compacte, \u00e9l\u00e9gante et \u00e0 la finition parfaite, la machine Degritter Mark II est une machine universelle \u00e0 laver les disques. Facile d&#8217;emploi et d&#8217;entretien : c&#8217;est clairement la r\u00e9f\u00e9rence pour nettoyer efficacement tous vos pr\u00e9cieux vinyles.<\/p>\n<\/div><\/div><\/div><div class=\"feedback-item__media d-flex flex-wrap align-items-center justify-content-center\"><img loading=\"lazy\" decoding=\"async\" width=\"269\" height=\"269\" src=\"https:\/\/degritter.com\/wp-content\/uploads\/fly-images\/5888\/302607685_521219220009178_8965050967579558260_n-269x269.jpg\" class=\"attachment-269x269\" alt=\"302607685_521219220009178_8965050967579558260_n\" \/><\/div><\/div><\/li><li class=\"splide__slide\"><div class=\"feedback-item\"><div class=\"feedback-item__content\"><p class=\"fw-bold font-roadradio text-center\">by Lee Dunkley<\/p><p class=\"fw-semibold has-giant-font-size text-center\">Hi-Fi Choice<\/p><div class=\"feedback-item__editor\"><div class=\"classic-editor\"><p>The Degritter automatic record cleaning machine does a remarkably thorough job and is one of the most sophisticated models we\u2019ve seen. It\u2019s a great addition to any vinyl collection.<\/p>\n<\/div><\/div><\/div><div class=\"feedback-item__media d-flex flex-wrap align-items-center justify-content-center\"><img loading=\"lazy\" decoding=\"async\" width=\"200\" height=\"269\" src=\"https:\/\/degritter.com\/wp-content\/uploads\/fly-images\/1166\/HiFi-Choice_badge-269x269.png\" class=\"attachment-269x269\" alt=\"HiFi Choice_badge\" \/><\/div><\/div><\/li><li class=\"splide__slide\"><div class=\"feedback-item\"><div class=\"feedback-item__content\"><p class=\"fw-bold font-roadradio text-center\">by Marc Henshall<\/p><p class=\"fw-semibold has-giant-font-size text-center\">Sound Matters<\/p><div class=\"feedback-item__editor\"><div class=\"classic-editor\"><p>The Degritter is the best Ultrasonic record cleaning machine for home use, bar-none.<br \/>\nNot only are the cleaning results outstanding and the engineering super-smart, but it also feels luxurious to use day-to-day.<br \/>\nIt\u2019s the little touches that make it feel this way, like the high-end feel of the interface and the super-soft push buttons that have a \u201cre-assuring\u201d feel to them.<br \/>\nHaving cleaned over 100 records with the Degritter, I simply can\u2019t afford NOT to have this machine in my record cleaning arsenal. <\/p>\n<\/div><\/div><\/div><div class=\"feedback-item__media d-flex flex-wrap align-items-center justify-content-center\"><img loading=\"lazy\" decoding=\"async\" width=\"269\" height=\"89\" src=\"https:\/\/degritter.com\/wp-content\/uploads\/fly-images\/1865\/recommended-product-269x269.png\" class=\"attachment-269x269\" alt=\"recommended-product\" \/><\/div><\/div><\/li><\/ul><\/div><\/div><\/div>\n\n<div id=\"acf-block_693ad808f219d\" class=\"acf-block-element element-bgcolor alignmax bg-light\"><div class=\"container\">\n<div id=\"acf-block_693ad808f21a5\" class=\"acf-block-element element-newsletter\"><div class=\"block-inner\"><p class=\"text-center text-uppercase font-roadradio fw-bold\">Werden Sie Mitglied der Degritter-Familie<\/p><p class=\"text-center has-giant-font-size fw-semibold\">Newsletter<\/p><p class=\"text-center\">Wir informieren Sie regelm\u00e4\u00dfig \u00fcber neue Produkte, Werbeaktionen und unsere limitierten Serien<\/p>\n<div class=\"wpcf7 no-js\" id=\"wpcf7-f269-o1\" lang=\"en-US\" dir=\"ltr\" data-wpcf7-id=\"269\">\n<div class=\"screen-reader-response\"><p role=\"status\" aria-live=\"polite\" aria-atomic=\"true\"><\/p> <ul><\/ul><\/div>\n<form action=\"\/de\/wp-json\/wp\/v2\/pages\/2414#wpcf7-f269-o1\" method=\"post\" class=\"wpcf7-form init fbfe3c02e637 cmatic-conn cmatic-aud-3 cmatic-mapd0-0 cmatic-v0976 cmatic-sent-0 cmatic-total-138741\" aria-label=\"Contact form\" novalidate=\"novalidate\" data-status=\"init\">\n<fieldset class=\"hidden-fields-container\"><input type=\"hidden\" name=\"_wpcf7\" value=\"269\" \/><input type=\"hidden\" name=\"_wpcf7_version\" value=\"6.1.5\" \/><input type=\"hidden\" name=\"_wpcf7_locale\" value=\"en_US\" \/><input type=\"hidden\" name=\"_wpcf7_unit_tag\" value=\"wpcf7-f269-o1\" \/><input type=\"hidden\" name=\"_wpcf7_container_post\" value=\"0\" \/><input type=\"hidden\" name=\"_wpcf7_posted_data_hash\" value=\"\" \/><input type=\"hidden\" name=\"_wpcf7_recaptcha_response\" value=\"\" \/>\n<\/fieldset>\n<div class=\"d-field-with-submit\">\n<span class=\"wpcf7-form-control-wrap\" data-name=\"newsletter-email\"><input size=\"40\" maxlength=\"400\" class=\"wpcf7-form-control wpcf7-email wpcf7-validates-as-required wpcf7-text wpcf7-validates-as-email\" aria-required=\"true\" aria-invalid=\"false\" placeholder=\"E-mail address\" value=\"\" type=\"email\" name=\"newsletter-email\" \/><\/span>\n<div class=\"form-submit\"><button type=\"submit\" class=\"wpcf7-submit only-icon animated-arrow\"><svg xmlns=\"http:\/\/www.w3.org\/2000\/svg\" width=\"51.472\" height=\"29.31\" viewBox=\"0 0 51.472 29.31\"><path d=\"M453.566,116.268a14.655,14.655,0,0,0-14.655,14.655\" transform=\"translate(-402.094 -101.613)\" fill=\"none\" stroke=\"currentColor\" stroke-miterlimit=\"10\" stroke-width=\"1.5\"\/><path d=\"M438.911,101.613a14.655,14.655,0,0,0,14.655,14.655\" transform=\"translate(-402.094 -101.613)\" fill=\"none\" stroke=\"currentColor\" stroke-miterlimit=\"10\" stroke-width=\"1.5\"\/><line x1=\"51.472\" transform=\"translate(0 14.655)\" fill=\"none\" stroke=\"currentColor\" stroke-miterlimit=\"10\" stroke-width=\"1.5\"\/><\/svg><svg xmlns=\"http:\/\/www.w3.org\/2000\/svg\" width=\"51.472\" height=\"29.31\" viewBox=\"0 0 51.472 29.31\"><path d=\"M453.566,116.268a14.655,14.655,0,0,0-14.655,14.655\" transform=\"translate(-402.094 -101.613)\" fill=\"none\" stroke=\"currentColor\" stroke-miterlimit=\"10\" stroke-width=\"1.5\"\/><path d=\"M438.911,101.613a14.655,14.655,0,0,0,14.655,14.655\" transform=\"translate(-402.094 -101.613)\" fill=\"none\" stroke=\"currentColor\" stroke-miterlimit=\"10\" stroke-width=\"1.5\"\/><line x1=\"51.472\" transform=\"translate(0 14.655)\" fill=\"none\" stroke=\"currentColor\" stroke-miterlimit=\"10\" stroke-width=\"1.5\"\/><\/svg><\/button><\/div>\n<\/div>\n<div class=\"text-center\"><span class=\"wpcf7-form-control-wrap\" data-name=\"newsletter-acceptance\"><span class=\"wpcf7-form-control wpcf7-acceptance\"><span class=\"wpcf7-list-item\"><label><input type=\"checkbox\" name=\"newsletter-acceptance\" value=\"1\" aria-invalid=\"false\" \/><span class=\"wpcf7-list-item-label\">I accept that Degritter will process my personal data. <a href=\"http:\/\/degritter.com\/privacy-policy\/\" target=\"_blank\">Privacy Policy<\/a><\/span><\/label><\/span><\/span><\/span><\/div><div class=\"wpcf7-response-output\" aria-hidden=\"true\"><\/div>\n<\/form>\n<\/div>\n<\/div><\/div>\n<\/div><\/div>","protected":false},"excerpt":{"rendered":"","protected":false},"author":1,"featured_media":3187,"parent":0,"menu_order":0,"comment_status":"closed","ping_status":"closed","template":"","meta":{"_acf_changed":false,"inline_featured_image":false,"footnotes":""},"class_list":["post-2414","page","type-page","status-publish","has-post-thumbnail","hentry"],"acf":[],"_links":{"self":[{"href":"https:\/\/degritter.com\/de\/wp-json\/wp\/v2\/pages\/2414","targetHints":{"allow":["GET"]}}],"collection":[{"href":"https:\/\/degritter.com\/de\/wp-json\/wp\/v2\/pages"}],"about":[{"href":"https:\/\/degritter.com\/de\/wp-json\/wp\/v2\/types\/page"}],"author":[{"embeddable":true,"href":"https:\/\/degritter.com\/de\/wp-json\/wp\/v2\/users\/1"}],"replies":[{"embeddable":true,"href":"https:\/\/degritter.com\/de\/wp-json\/wp\/v2\/comments?post=2414"}],"version-history":[{"count":5,"href":"https:\/\/degritter.com\/de\/wp-json\/wp\/v2\/pages\/2414\/revisions"}],"predecessor-version":[{"id":7553,"href":"https:\/\/degritter.com\/de\/wp-json\/wp\/v2\/pages\/2414\/revisions\/7553"}],"wp:featuredmedia":[{"embeddable":true,"href":"https:\/\/degritter.com\/de\/wp-json\/wp\/v2\/media\/3187"}],"wp:attachment":[{"href":"https:\/\/degritter.com\/de\/wp-json\/wp\/v2\/media?parent=2414"}],"curies":[{"name":"wp","href":"https:\/\/api.w.org\/{rel}","templated":true}]}}