{"id":2221,"date":"2022-09-15T09:27:00","date_gmt":"2022-09-15T09:27:00","guid":{"rendered":"https:\/\/degritter.com\/?page_id=2221"},"modified":"2026-03-14T14:59:16","modified_gmt":"2026-03-14T14:59:16","slug":"company","status":"publish","type":"page","link":"https:\/\/degritter.com\/de\/company\/","title":{"rendered":"Unternehmen"},"content":{"rendered":"<div id=\"acf-block_69b577c25fff8\" class=\"acf-block-element element-hero alignmax position-relative has-bgframe bg-white\"><div class=\"element-hero__bg position-absolute\"><img loading=\"lazy\" decoding=\"async\" width=\"1148\" height=\"498\" src=\"https:\/\/degritter.com\/wp-content\/uploads\/2022\/11\/IMG_0819-1148x498.jpg\" class=\"attachment-hero-xxl size-hero-xxl\" alt=\"\" srcset=\"https:\/\/degritter.com\/wp-content\/uploads\/2022\/11\/IMG_0819-1148x498.jpg 1148w, https:\/\/degritter.com\/wp-content\/uploads\/2022\/11\/IMG_0819-1148x498@2x.jpg 2296w\" sizes=\"auto, (max-width: 1148px) 100vw, 1148px\" \/><img loading=\"lazy\" decoding=\"async\" width=\"750\" height=\"1340\" src=\"https:\/\/degritter.com\/wp-content\/uploads\/2022\/11\/IMG_0819-750x1340.jpg\" class=\"attachment-hero-product-mobile-xxl size-hero-product-mobile-xxl\" alt=\"\" srcset=\"https:\/\/degritter.com\/wp-content\/uploads\/2022\/11\/IMG_0819-750x1340.jpg 750w, https:\/\/degritter.com\/wp-content\/uploads\/2022\/11\/IMG_0819-750x1340@2x.jpg 1500w\" sizes=\"auto, (max-width: 750px) 100vw, 750px\" \/><\/div><div class=\"element-hero__bg-stencils position-absolute stencil_style2\"><div class=\"el-inner position-absolute\"><svg xmlns=\"http:\/\/www.w3.org\/2000\/svg\" width=\"298.686\" height=\"298.686\" viewBox=\"0 0 298.686 298.686\"><g transform=\"translate(149.343) rotate(45)\" fill=\"none\" stroke=\"#d30926\" stroke-width=\"1\"><rect width=\"211.203\" height=\"211.203\" stroke=\"none\"\/><rect x=\"0.5\" y=\"0.5\" width=\"210.203\" height=\"210.203\" fill=\"none\"\/><\/g><\/svg><svg xmlns=\"http:\/\/www.w3.org\/2000\/svg\" width=\"480\" height=\"480\" viewBox=\"0 0 480 480\"><circle cx=\"239.5\" cy=\"239.5\" r=\"239.5\" transform=\"translate(0.5 0.5)\" fill=\"none\" stroke=\"#d30926\" stroke-miterlimit=\"10\" stroke-width=\"1\"\/><\/svg><\/div><\/div><div class=\"container d-flex flex-wrap align-items-end position-relative\" data-animate=\"T_FADE_UP\"><div class=\"hero-content\">\n\n<h1 class=\"wp-block-heading wp-el\">Nehmen Sie sich Zeit zum Erleben<\/h1>\n\n<\/div><\/div><\/div>\n\n\n<h2 class=\"wp-block-heading has-giant-font-size wp-el\">Der Schallplattenreiniger Nr.&nbsp;1. Punkt.<\/h2>\n\n\n<div id=\"acf-block_69b577c26003d\" class=\"acf-block-element element-custom-columns\"><div class=\"row row-grid\"><div class=\"col-12 col-xl-4 classic-editor\"><p>Degritter ist der Hersteller der besten Ultraschall-Schallplattenreiniger der Welt. Unsere Produkte sind f\u00fcr das Wohnzimmer konzipiert und es macht Spa\u00df, mit ihnen zu interagieren. Funktionalit\u00e4t, effektive Ergebnisse und ein benutzerfreundliches Design standen schon immer im Mittelpunkt unserer Produkte.<\/p>\n<\/div><div class=\"col-12 col-xl-4 offset-xl-1 classic-editor\"><p>Seit 2016 haben wir unz\u00e4hlige Stunden in die Forschung, Produktentwicklung und das Design des Degritter Schallplattenreinigers investiert.<\/p>\n<\/div><\/div><\/div>\n\n<div id=\"acf-block_69b577c260051\" class=\"acf-block-element element-txtmedia\"><div class=\"row row-grid align-items-center\"><div class=\"col-12 col-content col-md-6 col-xl-5 offset-xl-1 order-md-1\"><div class=\"col-inner\">\n\n<h2 class=\"wp-block-heading has-giant-font-size wp-el\">Zeit ist wertvoll, verschwenden Sie sie nicht mit dem Waschen Ihrer Schallplatten.<\/h2>\n\n\n\n<p class=\"wp-el\">Wir m\u00f6chten, dass Sie sich Zeit f\u00fcr sich selbst nehmen k\u00f6nnen, um das Leben zu erleben und Ihre Tr\u00e4ume zu verwirklichen. Dank des Degritter Schallplattenreinigers k\u00f6nnen Sie mehr Zeit mit dem H\u00f6ren von Schallplatten als mit ihrer Reinigung verbringen. Wir finden, dass jegliche Anstrengung im Leben nach dem 20\/80-Prinzip erfolgen sollte, d.&nbsp;h. 20&nbsp;% Arbeit sollte 80&nbsp;% Ergebnis nach sich ziehen. Wenn m\u00fchsame Aufgaben mithilfe eines intelligenten Ger\u00e4ts automatisiert werden k\u00f6nnen, ist das umso besser.<\/p>\n\n<\/div><\/div><div class=\"col-12 col-media col-md-6 col-xl-6\"><div class=\"splide\" data-splide={\"type\":\"fade\",\"pagination\":false}><div class=\"splide__track\"><ul class=\"splide__list\"><li class=\"splide__slide\"><a href=\"https:\/\/degritter.com\/wp-content\/uploads\/2022\/11\/degritter_3_web-1280x1920.jpg\" data-fancybox=\"txtmedia-acf-block_69b577c260051\"><img loading=\"lazy\" decoding=\"async\" width=\"490\" height=\"654\" src=\"https:\/\/degritter.com\/wp-content\/uploads\/2022\/11\/degritter_3_web-490x654.jpg\" class=\"attachment-ama-txtmedia-portrait-w size-ama-txtmedia-portrait-w\" alt=\"\" srcset=\"https:\/\/degritter.com\/wp-content\/uploads\/2022\/11\/degritter_3_web-490x654.jpg 490w, https:\/\/degritter.com\/wp-content\/uploads\/2022\/11\/degritter_3_web-405x540.jpg 405w, https:\/\/degritter.com\/wp-content\/uploads\/2022\/11\/degritter_3_web-320x426.jpg 320w, https:\/\/degritter.com\/wp-content\/uploads\/2022\/11\/degritter_3_web-490x654@2x.jpg 980w, https:\/\/degritter.com\/wp-content\/uploads\/2022\/11\/degritter_3_web-405x540@2x.jpg 810w, https:\/\/degritter.com\/wp-content\/uploads\/2022\/11\/degritter_3_web-320x426@2x.jpg 640w\" sizes=\"auto, (max-width: 490px) 100vw, 490px\" \/><\/a><\/li><\/ul><\/div><div class=\"splide__arrows hide-arrows\"><button class=\"splide__arrow splide__arrow--prev\"><svg xmlns=\"http:\/\/www.w3.org\/2000\/svg\" width=\"31.472\" height=\"29.31\" viewBox=\"0 0 31.472 29.31\"><g transform=\"translate(51.472 29.31) rotate(180)\"><path d=\"M453.566,116.268a14.655,14.655,0,0,0-14.655,14.655\" transform=\"translate(-402.094 -101.613)\" fill=\"none\" stroke=\"currentColor\" stroke-miterlimit=\"10\" stroke-width=\"1.5\"\/><path d=\"M438.911,101.613a14.655,14.655,0,0,0,14.655,14.655\" transform=\"translate(-402.094 -101.613)\" fill=\"none\" stroke=\"currentColor\" stroke-miterlimit=\"10\" stroke-width=\"1.5\"\/><path d=\"M51.472,0H20\" transform=\"translate(0 14.655)\" fill=\"none\" stroke=\"currentColor\" stroke-width=\"1.5\"\/><\/g><\/svg><\/button><button class=\"splide__arrow splide__arrow--next\"><svg xmlns=\"http:\/\/www.w3.org\/2000\/svg\" width=\"31.472\" height=\"29.31\" viewBox=\"0 0 31.472 29.31\"><g transform=\"translate(-20)\"><path d=\"M453.566,116.268a14.655,14.655,0,0,0-14.655,14.655\" transform=\"translate(-402.094 -101.613)\" fill=\"none\" stroke=\"currentColor\" stroke-miterlimit=\"10\" stroke-width=\"1.5\"\/><path d=\"M438.911,101.613a14.655,14.655,0,0,0,14.655,14.655\" transform=\"translate(-402.094 -101.613)\" fill=\"none\" stroke=\"currentColor\" stroke-miterlimit=\"10\" stroke-width=\"1.5\"\/><path d=\"M51.472,0H20\" transform=\"translate(0 14.655)\" fill=\"none\" stroke=\"currentColor\" stroke-width=\"1.5\"\/><\/g><\/svg><\/button><\/div><\/div><\/div><\/div><\/div>\n\n<div id=\"acf-block_69b577c260063\" class=\"acf-block-element element-quotes element-center\"><div class=\"quotes-list\"><div class=\"quote-item\"><div class=\"quote-item__content\"><p class=\"fw-bold font-roadradio text-center\">Degritter CEO<\/p><p class=\"fw-semibold has-giant-font-size text-center\">Uku P\u00fcttsepp<\/p><div class=\"classic-editor\"><p>Ich m\u00f6chte, dass Sie sich die Zeit nehmen, das Leben zu erleben und Ihre Tr\u00e4ume zu verwirklichen! Mit Degritter haben Sie mehr Zeit, um gute Musik zu h\u00f6ren, anstatt Schallplatten zu reinigen.<\/p>\n<\/div><\/div><div class=\"quote-item__media\"><div class=\"quote-item__media-inner\"><img loading=\"lazy\" decoding=\"async\" width=\"269\" height=\"269\" src=\"https:\/\/degritter.com\/wp-content\/uploads\/2022\/11\/DSC09890-269x269.jpg\" class=\"attachment-ama-269 size-ama-269\" alt=\"\" srcset=\"https:\/\/degritter.com\/wp-content\/uploads\/2022\/11\/DSC09890-269x269.jpg 269w, https:\/\/degritter.com\/wp-content\/uploads\/2022\/11\/DSC09890-269x269@2x.jpg 538w\" sizes=\"auto, (max-width: 269px) 100vw, 269px\" \/><\/div><\/div><\/div><\/div><\/div>\n\n<div id=\"acf-block_69b577c260882\" class=\"acf-block-element element-txtmedia\"><div class=\"row row-grid align-items-center\"><div class=\"col-12 col-content col-md-6 col-xl-5\"><div class=\"col-inner\">\n\n<h2 class=\"wp-block-heading has-giant-font-size wp-el\">Standards von h\u00f6chster Qualit\u00e4t.<\/h2>\n\n\n\n<p class=\"wp-el\">Der Degritter hebt sich auf dem Markt nicht nur durch die Anwendung neuer Designs und Technologien ab, sondern investiert auch in eine nachhaltige und verantwortungsbewusste Produktion. Wir beziehen so viele Komponenten wie m\u00f6glich vor Ort und alle Metallteile des Degritter werden in Estland hergestellt. Wir bauen sogar die Elektronik in Estland ein. Nat\u00fcrlich montieren und testen wir die Ger\u00e4te im eigenen Haus. Dadurch, dass wir den Produktionskreislauf klein halten, haben wir die volle Kontrolle \u00fcber die Qualit\u00e4t des Endprodukts und k\u00f6nnen schnell auf Ver\u00e4nderungen reagieren. Der Degritter ist modular aufgebaut und l\u00e4sst sich leicht reparieren.<\/p>\n\n<\/div><\/div><div class=\"col-12 col-media col-md-6 col-xl-6 offset-xl-1\"><div class=\"splide\" data-splide={\"type\":\"fade\",\"pagination\":false}><div class=\"splide__track\"><ul class=\"splide__list\"><li class=\"splide__slide\"><a href=\"https:\/\/degritter.com\/wp-content\/uploads\/2026\/03\/DSC00369-1920x1280.jpg\" data-fancybox=\"txtmedia-acf-block_69b577c260882\"><img loading=\"lazy\" decoding=\"async\" width=\"490\" height=\"654\" src=\"https:\/\/degritter.com\/wp-content\/uploads\/2026\/03\/DSC00369-490x654.jpg\" class=\"attachment-ama-txtmedia-portrait-w size-ama-txtmedia-portrait-w\" alt=\"\" srcset=\"https:\/\/degritter.com\/wp-content\/uploads\/2026\/03\/DSC00369-490x654.jpg 490w, https:\/\/degritter.com\/wp-content\/uploads\/2026\/03\/DSC00369-405x540.jpg 405w, https:\/\/degritter.com\/wp-content\/uploads\/2026\/03\/DSC00369-320x426.jpg 320w, https:\/\/degritter.com\/wp-content\/uploads\/2026\/03\/DSC00369-490x654@2x.jpg 980w, https:\/\/degritter.com\/wp-content\/uploads\/2026\/03\/DSC00369-405x540@2x.jpg 810w, https:\/\/degritter.com\/wp-content\/uploads\/2026\/03\/DSC00369-320x426@2x.jpg 640w\" sizes=\"auto, (max-width: 490px) 100vw, 490px\" \/><\/a><\/li><\/ul><\/div><div class=\"splide__arrows hide-arrows\"><button class=\"splide__arrow splide__arrow--prev\"><svg xmlns=\"http:\/\/www.w3.org\/2000\/svg\" width=\"31.472\" height=\"29.31\" viewBox=\"0 0 31.472 29.31\"><g transform=\"translate(51.472 29.31) rotate(180)\"><path d=\"M453.566,116.268a14.655,14.655,0,0,0-14.655,14.655\" transform=\"translate(-402.094 -101.613)\" fill=\"none\" stroke=\"currentColor\" stroke-miterlimit=\"10\" stroke-width=\"1.5\"\/><path d=\"M438.911,101.613a14.655,14.655,0,0,0,14.655,14.655\" transform=\"translate(-402.094 -101.613)\" fill=\"none\" stroke=\"currentColor\" stroke-miterlimit=\"10\" stroke-width=\"1.5\"\/><path d=\"M51.472,0H20\" transform=\"translate(0 14.655)\" fill=\"none\" stroke=\"currentColor\" stroke-width=\"1.5\"\/><\/g><\/svg><\/button><button class=\"splide__arrow splide__arrow--next\"><svg xmlns=\"http:\/\/www.w3.org\/2000\/svg\" width=\"31.472\" height=\"29.31\" viewBox=\"0 0 31.472 29.31\"><g transform=\"translate(-20)\"><path d=\"M453.566,116.268a14.655,14.655,0,0,0-14.655,14.655\" transform=\"translate(-402.094 -101.613)\" fill=\"none\" stroke=\"currentColor\" stroke-miterlimit=\"10\" stroke-width=\"1.5\"\/><path d=\"M438.911,101.613a14.655,14.655,0,0,0,14.655,14.655\" transform=\"translate(-402.094 -101.613)\" fill=\"none\" stroke=\"currentColor\" stroke-miterlimit=\"10\" stroke-width=\"1.5\"\/><path d=\"M51.472,0H20\" transform=\"translate(0 14.655)\" fill=\"none\" stroke=\"currentColor\" stroke-width=\"1.5\"\/><\/g><\/svg><\/button><\/div><\/div><\/div><\/div><\/div>\n\n\n<h2 class=\"wp-block-heading has-giant-font-size wp-el\">Kleines Team, globale Wirkung.<\/h2>\n\n\n<div id=\"acf-block_69b577c2608a9\" class=\"acf-block-element element-custom-columns\"><div class=\"row row-grid\"><div class=\"col-12 col-xl-4 classic-editor\"><p>Wir sind derzeit ein 14-k\u00f6pfiges Team mit Sitz in Tartu, Estland, Europ\u00e4ische Union. Wir arbeiten auf etwa 450\u00a0Quadratmetern, wo wir Ger\u00e4te f\u00fcr unsere Kunden auf der ganzen Welt zusammenbauen. Unsere R\u00e4umlichkeiten verf\u00fcgen \u00fcber einen Versammlungsraum, einen speziellen Raum f\u00fcr die Qualit\u00e4tssicherung und einen F&amp;E-Bereich.<\/p>\n<\/div><div class=\"col-12 col-xl-4 offset-xl-1 classic-editor\"><p>Wir lieben es, komplexe Probleme zu l\u00f6sen, und wir investieren in unsere Mitarbeiter. Wir haben zudem ein internes Kickstarter-Programm zur Motivation gestartet \u2013 und wer wei\u00df, vielleicht entsteht daraus ja das n\u00e4chste gro\u00dfe Degritter-Feature oder etwas ganz Neues.<\/p>\n<\/div><\/div><\/div>\n\n<div id=\"acf-block_69b577c2608be\" class=\"acf-block-element element-image img-1000x498\"><div class=\"position-relative\"><svg xmlns=\"http:\/\/www.w3.org\/2000\/svg\" width=\"298.686\" height=\"298.686\" viewBox=\"0 0 298.686 298.686\"><g transform=\"translate(93.686 -302.657)\"><g transform=\"translate(55.657 302.657) rotate(45)\" fill=\"none\" stroke=\"#d30926\" stroke-width=\"1\"><rect width=\"211.203\" height=\"211.203\" stroke=\"none\"\/><rect x=\"0.5\" y=\"0.5\" width=\"210.203\" height=\"210.203\" fill=\"none\"\/><\/g><\/g><\/svg><img loading=\"lazy\" decoding=\"async\" width=\"1000\" height=\"498\" src=\"https:\/\/degritter.com\/wp-content\/uploads\/fly-images\/6970\/DSC05828-1000x498-c.jpg\" class=\"attachment-1000x498\" alt=\"DSC05828\" \/><\/div><\/div>","protected":false},"excerpt":{"rendered":"<p>Der Schallplattenreiniger Nr.&nbsp;1. Punkt. Kleines Team, globale Wirkung.<\/p>\n","protected":false},"author":1,"featured_media":6970,"parent":0,"menu_order":20,"comment_status":"closed","ping_status":"closed","template":"","meta":{"_acf_changed":false,"inline_featured_image":false,"footnotes":""},"class_list":["post-2221","page","type-page","status-publish","has-post-thumbnail","hentry"],"acf":[],"_links":{"self":[{"href":"https:\/\/degritter.com\/de\/wp-json\/wp\/v2\/pages\/2221","targetHints":{"allow":["GET"]}}],"collection":[{"href":"https:\/\/degritter.com\/de\/wp-json\/wp\/v2\/pages"}],"about":[{"href":"https:\/\/degritter.com\/de\/wp-json\/wp\/v2\/types\/page"}],"author":[{"embeddable":true,"href":"https:\/\/degritter.com\/de\/wp-json\/wp\/v2\/users\/1"}],"replies":[{"embeddable":true,"href":"https:\/\/degritter.com\/de\/wp-json\/wp\/v2\/comments?post=2221"}],"version-history":[{"count":5,"href":"https:\/\/degritter.com\/de\/wp-json\/wp\/v2\/pages\/2221\/revisions"}],"predecessor-version":[{"id":8048,"href":"https:\/\/degritter.com\/de\/wp-json\/wp\/v2\/pages\/2221\/revisions\/8048"}],"wp:featuredmedia":[{"embeddable":true,"href":"https:\/\/degritter.com\/de\/wp-json\/wp\/v2\/media\/6970"}],"wp:attachment":[{"href":"https:\/\/degritter.com\/de\/wp-json\/wp\/v2\/media?parent=2221"}],"curies":[{"name":"wp","href":"https:\/\/api.w.org\/{rel}","templated":true}]}}